{"id":931,"date":"2024-05-14T20:03:43","date_gmt":"2024-05-14T20:03:43","guid":{"rendered":"https:\/\/suraa.co\/?post_type=product&#038;p=931"},"modified":"2025-11-27T18:51:53","modified_gmt":"2025-11-27T18:51:53","slug":"dress-sunshine-copie","status":"publish","type":"product","link":"https:\/\/suraa.co\/en\/product\/dress-sunshine-copie\/","title":{"rendered":"Set Luminelle"},"content":{"rendered":"","protected":false},"excerpt":{"rendered":"<p>C&#8217;est le set qu&#8217;il vous faut pour cet \u00e9t\u00e9 ! Cet ensemble compos\u00e9 d&#8217;un pantalon et d&#8217;une robe ample fendue \u00e0 l&#8217;avant vous offrira confort et fluidit\u00e9 dans vos mouvements.<\/p>\n<p>Ensemble, ces pi\u00e8ces seront parfaites pour les journ\u00e9es ensoleill\u00e9es ou les occasions d\u00e9contract\u00e9es mais chic.<\/p>\n<p>One size ; suitable from sizes 36 to 42<\/p>\n<p>The model is 1m70 tall<\/p>","protected":false},"featured_media":933,"comment_status":"open","ping_status":"closed","template":"","meta":{"_acf_changed":false},"product_cat":[19],"product_tag":[],"class_list":{"0":"post-931","1":"product","2":"type-product","3":"status-publish","4":"has-post-thumbnail","6":"product_cat-ensemble-set","8":"","9":"instock","10":"sale","11":"shipping-taxable","12":"purchasable","13":"product-type-simple"},"acf":{"details":"Longueur totale environ 150 cm\r\nLongueur pantalon environ 115 cm\r\nPantalon ajustable avec \u00e9lastique int\u00e9gr\u00e9 \u00e0 l'arri\u00e8re\r\nDesigned in France","composition":"Arwa Ecotech","entretien":"Lavage \u00e0 la main, essorage minimum ou pressing. Pas de s\u00e8che linge. Repassage facile et doux sur l\u2019envers."},"yoast_head":"<!-- This site is optimized with the Yoast SEO plugin v23.4 - https:\/\/yoast.com\/wordpress\/plugins\/seo\/ -->\n<title>Set Luminelle - Suraa Modest Fashion<\/title>\n<meta name=\"robots\" content=\"index, follow, max-snippet:-1, max-image-preview:large, max-video-preview:-1\" \/>\n<link rel=\"canonical\" href=\"https:\/\/suraa.co\/en\/product\/dress-sunshine-copie\/\" \/>\n<meta property=\"og:locale\" content=\"en_GB\" \/>\n<meta property=\"og:type\" content=\"article\" \/>\n<meta property=\"og:title\" content=\"Set Luminelle - Suraa Modest Fashion\" \/>\n<meta property=\"og:description\" content=\"C&#039;est le set qu&#039;il vous faut pour cet \u00e9t\u00e9 ! Cet ensemble compos\u00e9 d&#039;un pantalon et d&#039;une robe ample fendue \u00e0 l&#039;avant vous offrira confort et fluidit\u00e9 dans vos mouvements.  Ensemble, ces pi\u00e8ces seront parfaites pour les journ\u00e9es ensoleill\u00e9es ou les occasions d\u00e9contract\u00e9es mais chic.  Convient de la taille 36 au 42  Le mannequin mesure 1m70\" \/>\n<meta property=\"og:url\" content=\"https:\/\/suraa.co\/en\/product\/dress-sunshine-copie\/\" \/>\n<meta property=\"og:site_name\" content=\"Suraa Modest Fashion\" \/>\n<meta property=\"article:modified_time\" content=\"2025-11-27T18:51:53+00:00\" \/>\n<meta property=\"og:image\" content=\"https:\/\/i0.wp.com\/suraa.co\/wp-content\/uploads\/2024\/05\/07C5E8C0-4E36-445E-8012-7875C4DAE25F-scaled.jpeg?fit=2048%2C2560&ssl=1\" \/>\n\t<meta property=\"og:image:width\" content=\"2048\" \/>\n\t<meta property=\"og:image:height\" content=\"2560\" \/>\n\t<meta property=\"og:image:type\" content=\"image\/jpeg\" \/>\n<meta name=\"twitter:card\" content=\"summary_large_image\" \/>\n<meta name=\"twitter:label1\" content=\"Estimated reading time\" \/>\n\t<meta name=\"twitter:data1\" content=\"1 minute\" \/>\n<script type=\"application\/ld+json\" class=\"yoast-schema-graph\">{\"@context\":\"https:\/\/schema.org\",\"@graph\":[{\"@type\":\"WebPage\",\"@id\":\"https:\/\/suraa.co\/en\/product\/dress-sunshine-copie\/\",\"url\":\"https:\/\/suraa.co\/en\/product\/dress-sunshine-copie\/\",\"name\":\"Set Luminelle - Suraa Modest Fashion\",\"isPartOf\":{\"@id\":\"https:\/\/suraa.co\/#website\"},\"primaryImageOfPage\":{\"@id\":\"https:\/\/suraa.co\/en\/product\/dress-sunshine-copie\/#primaryimage\"},\"image\":{\"@id\":\"https:\/\/suraa.co\/en\/product\/dress-sunshine-copie\/#primaryimage\"},\"thumbnailUrl\":\"https:\/\/i0.wp.com\/suraa.co\/wp-content\/uploads\/2024\/05\/07C5E8C0-4E36-445E-8012-7875C4DAE25F-scaled.jpeg?fit=2048%2C2560&ssl=1\",\"datePublished\":\"2024-05-14T20:03:43+00:00\",\"dateModified\":\"2025-11-27T18:51:53+00:00\",\"breadcrumb\":{\"@id\":\"https:\/\/suraa.co\/en\/product\/dress-sunshine-copie\/#breadcrumb\"},\"inLanguage\":\"en-GB\",\"potentialAction\":[{\"@type\":\"ReadAction\",\"target\":[\"https:\/\/suraa.co\/en\/product\/dress-sunshine-copie\/\"]}]},{\"@type\":\"ImageObject\",\"inLanguage\":\"en-GB\",\"@id\":\"https:\/\/suraa.co\/en\/product\/dress-sunshine-copie\/#primaryimage\",\"url\":\"https:\/\/i0.wp.com\/suraa.co\/wp-content\/uploads\/2024\/05\/07C5E8C0-4E36-445E-8012-7875C4DAE25F-scaled.jpeg?fit=2048%2C2560&ssl=1\",\"contentUrl\":\"https:\/\/i0.wp.com\/suraa.co\/wp-content\/uploads\/2024\/05\/07C5E8C0-4E36-445E-8012-7875C4DAE25F-scaled.jpeg?fit=2048%2C2560&ssl=1\",\"width\":2048,\"height\":2560},{\"@type\":\"BreadcrumbList\",\"@id\":\"https:\/\/suraa.co\/en\/product\/dress-sunshine-copie\/#breadcrumb\",\"itemListElement\":[{\"@type\":\"ListItem\",\"position\":1,\"name\":\"Accueil\",\"item\":\"https:\/\/suraa.co\/\"},{\"@type\":\"ListItem\",\"position\":2,\"name\":\"Collection\",\"item\":\"https:\/\/suraa.co\/collection\/\"},{\"@type\":\"ListItem\",\"position\":3,\"name\":\"Set Luminelle\"}]},{\"@type\":\"WebSite\",\"@id\":\"https:\/\/suraa.co\/#website\",\"url\":\"https:\/\/suraa.co\/\",\"name\":\"Suraa Modest Fashion\",\"description\":\"Chez Suraa\",\"publisher\":{\"@id\":\"https:\/\/suraa.co\/#organization\"},\"potentialAction\":[{\"@type\":\"SearchAction\",\"target\":{\"@type\":\"EntryPoint\",\"urlTemplate\":\"https:\/\/suraa.co\/?s={search_term_string}\"},\"query-input\":{\"@type\":\"PropertyValueSpecification\",\"valueRequired\":true,\"valueName\":\"search_term_string\"}}],\"inLanguage\":\"en-GB\"},{\"@type\":\"Organization\",\"@id\":\"https:\/\/suraa.co\/#organization\",\"name\":\"Suraa Modest Fashion\",\"url\":\"https:\/\/suraa.co\/\",\"logo\":{\"@type\":\"ImageObject\",\"inLanguage\":\"en-GB\",\"@id\":\"https:\/\/suraa.co\/#\/schema\/logo\/image\/\",\"url\":\"https:\/\/i0.wp.com\/suraa.co\/wp-content\/uploads\/2024\/02\/logo-noir-carre-transparent.png?fit=2304%2C2304&ssl=1\",\"contentUrl\":\"https:\/\/i0.wp.com\/suraa.co\/wp-content\/uploads\/2024\/02\/logo-noir-carre-transparent.png?fit=2304%2C2304&ssl=1\",\"width\":2304,\"height\":2304,\"caption\":\"Suraa Modest Fashion\"},\"image\":{\"@id\":\"https:\/\/suraa.co\/#\/schema\/logo\/image\/\"}}]}<\/script>\n<!-- \/ Yoast SEO plugin. -->","yoast_head_json":{"title":"Set Luminelle - Suraa Modest Fashion","robots":{"index":"index","follow":"follow","max-snippet":"max-snippet:-1","max-image-preview":"max-image-preview:large","max-video-preview":"max-video-preview:-1"},"canonical":"https:\/\/suraa.co\/en\/product\/dress-sunshine-copie\/","og_locale":"en_GB","og_type":"article","og_title":"Set Luminelle - Suraa Modest Fashion","og_description":"C'est le set qu'il vous faut pour cet \u00e9t\u00e9 ! Cet ensemble compos\u00e9 d'un pantalon et d'une robe ample fendue \u00e0 l'avant vous offrira confort et fluidit\u00e9 dans vos mouvements.  Ensemble, ces pi\u00e8ces seront parfaites pour les journ\u00e9es ensoleill\u00e9es ou les occasions d\u00e9contract\u00e9es mais chic.  Convient de la taille 36 au 42  Le mannequin mesure 1m70","og_url":"https:\/\/suraa.co\/en\/product\/dress-sunshine-copie\/","og_site_name":"Suraa Modest Fashion","article_modified_time":"2025-11-27T18:51:53+00:00","og_image":[{"width":2048,"height":2560,"url":"https:\/\/i0.wp.com\/suraa.co\/wp-content\/uploads\/2024\/05\/07C5E8C0-4E36-445E-8012-7875C4DAE25F-scaled.jpeg?fit=2048%2C2560&ssl=1","type":"image\/jpeg"}],"twitter_card":"summary_large_image","twitter_misc":{"Estimated reading time":"1 minute"},"schema":{"@context":"https:\/\/schema.org","@graph":[{"@type":"WebPage","@id":"https:\/\/suraa.co\/en\/product\/dress-sunshine-copie\/","url":"https:\/\/suraa.co\/en\/product\/dress-sunshine-copie\/","name":"Set Luminelle - Suraa Modest Fashion","isPartOf":{"@id":"https:\/\/suraa.co\/#website"},"primaryImageOfPage":{"@id":"https:\/\/suraa.co\/en\/product\/dress-sunshine-copie\/#primaryimage"},"image":{"@id":"https:\/\/suraa.co\/en\/product\/dress-sunshine-copie\/#primaryimage"},"thumbnailUrl":"https:\/\/i0.wp.com\/suraa.co\/wp-content\/uploads\/2024\/05\/07C5E8C0-4E36-445E-8012-7875C4DAE25F-scaled.jpeg?fit=2048%2C2560&ssl=1","datePublished":"2024-05-14T20:03:43+00:00","dateModified":"2025-11-27T18:51:53+00:00","breadcrumb":{"@id":"https:\/\/suraa.co\/en\/product\/dress-sunshine-copie\/#breadcrumb"},"inLanguage":"en-GB","potentialAction":[{"@type":"ReadAction","target":["https:\/\/suraa.co\/en\/product\/dress-sunshine-copie\/"]}]},{"@type":"ImageObject","inLanguage":"en-GB","@id":"https:\/\/suraa.co\/en\/product\/dress-sunshine-copie\/#primaryimage","url":"https:\/\/i0.wp.com\/suraa.co\/wp-content\/uploads\/2024\/05\/07C5E8C0-4E36-445E-8012-7875C4DAE25F-scaled.jpeg?fit=2048%2C2560&ssl=1","contentUrl":"https:\/\/i0.wp.com\/suraa.co\/wp-content\/uploads\/2024\/05\/07C5E8C0-4E36-445E-8012-7875C4DAE25F-scaled.jpeg?fit=2048%2C2560&ssl=1","width":2048,"height":2560},{"@type":"BreadcrumbList","@id":"https:\/\/suraa.co\/en\/product\/dress-sunshine-copie\/#breadcrumb","itemListElement":[{"@type":"ListItem","position":1,"name":"Accueil","item":"https:\/\/suraa.co\/"},{"@type":"ListItem","position":2,"name":"Collection","item":"https:\/\/suraa.co\/collection\/"},{"@type":"ListItem","position":3,"name":"Set Luminelle"}]},{"@type":"WebSite","@id":"https:\/\/suraa.co\/#website","url":"https:\/\/suraa.co\/","name":"Suraa Modest Fashion","description":"Chez Suraa","publisher":{"@id":"https:\/\/suraa.co\/#organization"},"potentialAction":[{"@type":"SearchAction","target":{"@type":"EntryPoint","urlTemplate":"https:\/\/suraa.co\/?s={search_term_string}"},"query-input":{"@type":"PropertyValueSpecification","valueRequired":true,"valueName":"search_term_string"}}],"inLanguage":"en-GB"},{"@type":"Organization","@id":"https:\/\/suraa.co\/#organization","name":"Suraa Modest Fashion","url":"https:\/\/suraa.co\/","logo":{"@type":"ImageObject","inLanguage":"en-GB","@id":"https:\/\/suraa.co\/#\/schema\/logo\/image\/","url":"https:\/\/i0.wp.com\/suraa.co\/wp-content\/uploads\/2024\/02\/logo-noir-carre-transparent.png?fit=2304%2C2304&ssl=1","contentUrl":"https:\/\/i0.wp.com\/suraa.co\/wp-content\/uploads\/2024\/02\/logo-noir-carre-transparent.png?fit=2304%2C2304&ssl=1","width":2304,"height":2304,"caption":"Suraa Modest Fashion"},"image":{"@id":"https:\/\/suraa.co\/#\/schema\/logo\/image\/"}}]}},"jetpack_sharing_enabled":true,"_links":{"self":[{"href":"https:\/\/suraa.co\/en\/wp-json\/wp\/v2\/product\/931","targetHints":{"allow":["GET"]}}],"collection":[{"href":"https:\/\/suraa.co\/en\/wp-json\/wp\/v2\/product"}],"about":[{"href":"https:\/\/suraa.co\/en\/wp-json\/wp\/v2\/types\/product"}],"replies":[{"embeddable":true,"href":"https:\/\/suraa.co\/en\/wp-json\/wp\/v2\/comments?post=931"}],"wp:featuredmedia":[{"embeddable":true,"href":"https:\/\/suraa.co\/en\/wp-json\/wp\/v2\/media\/933"}],"wp:attachment":[{"href":"https:\/\/suraa.co\/en\/wp-json\/wp\/v2\/media?parent=931"}],"wp:term":[{"taxonomy":"product_cat","embeddable":true,"href":"https:\/\/suraa.co\/en\/wp-json\/wp\/v2\/product_cat?post=931"},{"taxonomy":"product_tag","embeddable":true,"href":"https:\/\/suraa.co\/en\/wp-json\/wp\/v2\/product_tag?post=931"}],"curies":[{"name":"wp","href":"https:\/\/api.w.org\/{rel}","templated":true}]}}