{"id":880,"date":"2024-05-14T11:52:12","date_gmt":"2024-05-14T11:52:12","guid":{"rendered":"https:\/\/suraa.co\/?post_type=product&#038;p=880"},"modified":"2025-11-27T18:52:22","modified_gmt":"2025-11-27T18:52:22","slug":"set-soft-prune","status":"publish","type":"product","link":"https:\/\/suraa.co\/en\/product\/set-soft-prune\/","title":{"rendered":"Set SOFT Prune"},"content":{"rendered":"","protected":false},"excerpt":{"rendered":"<p>This two-piece set, inspired by Japanese aesthetics, features very wide kimono sleeves. Made with exceptionally fluid fabric, it offers a feeling of freedom with every movement.<br \/>\nWhether for a special occasion or a casual day, this set ensures a distinctive style.<\/p>\n<p>One size ; suitable from sizes 36 to 42<\/p>\n<p>The model is 1m70 tall<\/p>","protected":false},"featured_media":922,"comment_status":"open","ping_status":"closed","template":"","meta":{"_acf_changed":false},"product_cat":[19],"product_tag":[],"class_list":{"0":"post-880","1":"product","2":"type-product","3":"status-publish","4":"has-post-thumbnail","6":"product_cat-ensemble-set","8":"","9":"instock","10":"sale","11":"shipping-taxable","12":"purchasable","13":"product-type-simple"},"acf":{"details":"Ceinture fournie\r\nLongueur tunique environ 88 cm\r\nLongueur pantalon environ 115 cm\r\nPantalon ajustable avec \u00e9lastique int\u00e9gr\u00e9\r\nDesigned in France","composition":"Tissu Ecotech soft fluide","entretien":"Lavage \u00e0 la main, essorage minimum ou pressing. Pas de s\u00e8che linge. Repassage facile et doux sur l\u2019envers."},"yoast_head":"<!-- This site is optimized with the Yoast SEO plugin v23.4 - https:\/\/yoast.com\/wordpress\/plugins\/seo\/ -->\n<title>Set SOFT Prune - Suraa Modest Fashion<\/title>\n<meta name=\"robots\" content=\"index, follow, max-snippet:-1, max-image-preview:large, max-video-preview:-1\" \/>\n<link rel=\"canonical\" href=\"https:\/\/suraa.co\/en\/product\/set-soft-prune\/\" \/>\n<meta property=\"og:locale\" content=\"en_GB\" \/>\n<meta property=\"og:type\" content=\"article\" \/>\n<meta property=\"og:title\" content=\"Set SOFT Prune - Suraa Modest Fashion\" \/>\n<meta property=\"og:description\" content=\"Notre ensemble 2 pi\u00e8ces inspir\u00e9 de l\u2019esth\u00e9tique japonaise met en valeur des manches kimono tr\u00e8s large. Le tissu d\u2019une fluidit\u00e9 exceptionnelle conf\u00e8re une sensation de libert\u00e9 \u00e0 chaque mouvement. Pour une occasion sp\u00e9ciale ou simplement pour une journ\u00e9e d\u00e9contract\u00e9e, cet ensemble vous assure un style distinctif.  Convient de la taille 36 au 42  Le mannequin mesure 1m70\" \/>\n<meta property=\"og:url\" content=\"https:\/\/suraa.co\/en\/product\/set-soft-prune\/\" \/>\n<meta property=\"og:site_name\" content=\"Suraa Modest Fashion\" \/>\n<meta property=\"article:modified_time\" content=\"2025-11-27T18:52:22+00:00\" \/>\n<meta property=\"og:image\" content=\"https:\/\/i0.wp.com\/suraa.co\/wp-content\/uploads\/2024\/05\/7148D580-A582-4691-BEA2-F3152D3C73B8.jpeg?fit=1284%2C1225&ssl=1\" \/>\n\t<meta property=\"og:image:width\" content=\"1284\" \/>\n\t<meta property=\"og:image:height\" content=\"1225\" \/>\n\t<meta property=\"og:image:type\" content=\"image\/jpeg\" \/>\n<meta name=\"twitter:card\" content=\"summary_large_image\" \/>\n<meta name=\"twitter:label1\" content=\"Estimated reading time\" \/>\n\t<meta name=\"twitter:data1\" content=\"1 minute\" \/>\n<script type=\"application\/ld+json\" class=\"yoast-schema-graph\">{\"@context\":\"https:\/\/schema.org\",\"@graph\":[{\"@type\":\"WebPage\",\"@id\":\"https:\/\/suraa.co\/product\/set-soft-prune\/\",\"url\":\"https:\/\/suraa.co\/product\/set-soft-prune\/\",\"name\":\"Set SOFT Prune - Suraa Modest Fashion\",\"isPartOf\":{\"@id\":\"https:\/\/suraa.co\/#website\"},\"primaryImageOfPage\":{\"@id\":\"https:\/\/suraa.co\/product\/set-soft-prune\/#primaryimage\"},\"image\":{\"@id\":\"https:\/\/suraa.co\/product\/set-soft-prune\/#primaryimage\"},\"thumbnailUrl\":\"https:\/\/i0.wp.com\/suraa.co\/wp-content\/uploads\/2024\/05\/7148D580-A582-4691-BEA2-F3152D3C73B8.jpeg?fit=1284%2C1225&ssl=1\",\"datePublished\":\"2024-05-14T11:52:12+00:00\",\"dateModified\":\"2025-11-27T18:52:22+00:00\",\"breadcrumb\":{\"@id\":\"https:\/\/suraa.co\/product\/set-soft-prune\/#breadcrumb\"},\"inLanguage\":\"en-GB\",\"potentialAction\":[{\"@type\":\"ReadAction\",\"target\":[\"https:\/\/suraa.co\/product\/set-soft-prune\/\"]}]},{\"@type\":\"ImageObject\",\"inLanguage\":\"en-GB\",\"@id\":\"https:\/\/suraa.co\/product\/set-soft-prune\/#primaryimage\",\"url\":\"https:\/\/i0.wp.com\/suraa.co\/wp-content\/uploads\/2024\/05\/7148D580-A582-4691-BEA2-F3152D3C73B8.jpeg?fit=1284%2C1225&ssl=1\",\"contentUrl\":\"https:\/\/i0.wp.com\/suraa.co\/wp-content\/uploads\/2024\/05\/7148D580-A582-4691-BEA2-F3152D3C73B8.jpeg?fit=1284%2C1225&ssl=1\",\"width\":1284,\"height\":1225,\"caption\":\"Screenshot\"},{\"@type\":\"BreadcrumbList\",\"@id\":\"https:\/\/suraa.co\/product\/set-soft-prune\/#breadcrumb\",\"itemListElement\":[{\"@type\":\"ListItem\",\"position\":1,\"name\":\"Accueil\",\"item\":\"https:\/\/suraa.co\/\"},{\"@type\":\"ListItem\",\"position\":2,\"name\":\"Collection\",\"item\":\"https:\/\/suraa.co\/collection\/\"},{\"@type\":\"ListItem\",\"position\":3,\"name\":\"Set SOFT Prune\"}]},{\"@type\":\"WebSite\",\"@id\":\"https:\/\/suraa.co\/#website\",\"url\":\"https:\/\/suraa.co\/\",\"name\":\"Suraa Modest Fashion\",\"description\":\"Chez Suraa\",\"publisher\":{\"@id\":\"https:\/\/suraa.co\/#organization\"},\"potentialAction\":[{\"@type\":\"SearchAction\",\"target\":{\"@type\":\"EntryPoint\",\"urlTemplate\":\"https:\/\/suraa.co\/?s={search_term_string}\"},\"query-input\":{\"@type\":\"PropertyValueSpecification\",\"valueRequired\":true,\"valueName\":\"search_term_string\"}}],\"inLanguage\":\"en-GB\"},{\"@type\":\"Organization\",\"@id\":\"https:\/\/suraa.co\/#organization\",\"name\":\"Suraa Modest Fashion\",\"url\":\"https:\/\/suraa.co\/\",\"logo\":{\"@type\":\"ImageObject\",\"inLanguage\":\"en-GB\",\"@id\":\"https:\/\/suraa.co\/#\/schema\/logo\/image\/\",\"url\":\"https:\/\/i0.wp.com\/suraa.co\/wp-content\/uploads\/2024\/02\/logo-noir-carre-transparent.png?fit=2304%2C2304&ssl=1\",\"contentUrl\":\"https:\/\/i0.wp.com\/suraa.co\/wp-content\/uploads\/2024\/02\/logo-noir-carre-transparent.png?fit=2304%2C2304&ssl=1\",\"width\":2304,\"height\":2304,\"caption\":\"Suraa Modest Fashion\"},\"image\":{\"@id\":\"https:\/\/suraa.co\/#\/schema\/logo\/image\/\"}}]}<\/script>\n<!-- \/ Yoast SEO plugin. -->","yoast_head_json":{"title":"Set SOFT Prune - Suraa Modest Fashion","robots":{"index":"index","follow":"follow","max-snippet":"max-snippet:-1","max-image-preview":"max-image-preview:large","max-video-preview":"max-video-preview:-1"},"canonical":"https:\/\/suraa.co\/en\/product\/set-soft-prune\/","og_locale":"en_GB","og_type":"article","og_title":"Set SOFT Prune - Suraa Modest Fashion","og_description":"Notre ensemble 2 pi\u00e8ces inspir\u00e9 de l\u2019esth\u00e9tique japonaise met en valeur des manches kimono tr\u00e8s large. Le tissu d\u2019une fluidit\u00e9 exceptionnelle conf\u00e8re une sensation de libert\u00e9 \u00e0 chaque mouvement. Pour une occasion sp\u00e9ciale ou simplement pour une journ\u00e9e d\u00e9contract\u00e9e, cet ensemble vous assure un style distinctif.  Convient de la taille 36 au 42  Le mannequin mesure 1m70","og_url":"https:\/\/suraa.co\/en\/product\/set-soft-prune\/","og_site_name":"Suraa Modest Fashion","article_modified_time":"2025-11-27T18:52:22+00:00","og_image":[{"width":1284,"height":1225,"url":"https:\/\/i0.wp.com\/suraa.co\/wp-content\/uploads\/2024\/05\/7148D580-A582-4691-BEA2-F3152D3C73B8.jpeg?fit=1284%2C1225&ssl=1","type":"image\/jpeg"}],"twitter_card":"summary_large_image","twitter_misc":{"Estimated reading time":"1 minute"},"schema":{"@context":"https:\/\/schema.org","@graph":[{"@type":"WebPage","@id":"https:\/\/suraa.co\/product\/set-soft-prune\/","url":"https:\/\/suraa.co\/product\/set-soft-prune\/","name":"Set SOFT Prune - Suraa Modest Fashion","isPartOf":{"@id":"https:\/\/suraa.co\/#website"},"primaryImageOfPage":{"@id":"https:\/\/suraa.co\/product\/set-soft-prune\/#primaryimage"},"image":{"@id":"https:\/\/suraa.co\/product\/set-soft-prune\/#primaryimage"},"thumbnailUrl":"https:\/\/i0.wp.com\/suraa.co\/wp-content\/uploads\/2024\/05\/7148D580-A582-4691-BEA2-F3152D3C73B8.jpeg?fit=1284%2C1225&ssl=1","datePublished":"2024-05-14T11:52:12+00:00","dateModified":"2025-11-27T18:52:22+00:00","breadcrumb":{"@id":"https:\/\/suraa.co\/product\/set-soft-prune\/#breadcrumb"},"inLanguage":"en-GB","potentialAction":[{"@type":"ReadAction","target":["https:\/\/suraa.co\/product\/set-soft-prune\/"]}]},{"@type":"ImageObject","inLanguage":"en-GB","@id":"https:\/\/suraa.co\/product\/set-soft-prune\/#primaryimage","url":"https:\/\/i0.wp.com\/suraa.co\/wp-content\/uploads\/2024\/05\/7148D580-A582-4691-BEA2-F3152D3C73B8.jpeg?fit=1284%2C1225&ssl=1","contentUrl":"https:\/\/i0.wp.com\/suraa.co\/wp-content\/uploads\/2024\/05\/7148D580-A582-4691-BEA2-F3152D3C73B8.jpeg?fit=1284%2C1225&ssl=1","width":1284,"height":1225,"caption":"Screenshot"},{"@type":"BreadcrumbList","@id":"https:\/\/suraa.co\/product\/set-soft-prune\/#breadcrumb","itemListElement":[{"@type":"ListItem","position":1,"name":"Accueil","item":"https:\/\/suraa.co\/"},{"@type":"ListItem","position":2,"name":"Collection","item":"https:\/\/suraa.co\/collection\/"},{"@type":"ListItem","position":3,"name":"Set SOFT Prune"}]},{"@type":"WebSite","@id":"https:\/\/suraa.co\/#website","url":"https:\/\/suraa.co\/","name":"Suraa Modest Fashion","description":"Chez Suraa","publisher":{"@id":"https:\/\/suraa.co\/#organization"},"potentialAction":[{"@type":"SearchAction","target":{"@type":"EntryPoint","urlTemplate":"https:\/\/suraa.co\/?s={search_term_string}"},"query-input":{"@type":"PropertyValueSpecification","valueRequired":true,"valueName":"search_term_string"}}],"inLanguage":"en-GB"},{"@type":"Organization","@id":"https:\/\/suraa.co\/#organization","name":"Suraa Modest Fashion","url":"https:\/\/suraa.co\/","logo":{"@type":"ImageObject","inLanguage":"en-GB","@id":"https:\/\/suraa.co\/#\/schema\/logo\/image\/","url":"https:\/\/i0.wp.com\/suraa.co\/wp-content\/uploads\/2024\/02\/logo-noir-carre-transparent.png?fit=2304%2C2304&ssl=1","contentUrl":"https:\/\/i0.wp.com\/suraa.co\/wp-content\/uploads\/2024\/02\/logo-noir-carre-transparent.png?fit=2304%2C2304&ssl=1","width":2304,"height":2304,"caption":"Suraa Modest Fashion"},"image":{"@id":"https:\/\/suraa.co\/#\/schema\/logo\/image\/"}}]}},"jetpack_sharing_enabled":true,"_links":{"self":[{"href":"https:\/\/suraa.co\/en\/wp-json\/wp\/v2\/product\/880","targetHints":{"allow":["GET"]}}],"collection":[{"href":"https:\/\/suraa.co\/en\/wp-json\/wp\/v2\/product"}],"about":[{"href":"https:\/\/suraa.co\/en\/wp-json\/wp\/v2\/types\/product"}],"replies":[{"embeddable":true,"href":"https:\/\/suraa.co\/en\/wp-json\/wp\/v2\/comments?post=880"}],"wp:featuredmedia":[{"embeddable":true,"href":"https:\/\/suraa.co\/en\/wp-json\/wp\/v2\/media\/922"}],"wp:attachment":[{"href":"https:\/\/suraa.co\/en\/wp-json\/wp\/v2\/media?parent=880"}],"wp:term":[{"taxonomy":"product_cat","embeddable":true,"href":"https:\/\/suraa.co\/en\/wp-json\/wp\/v2\/product_cat?post=880"},{"taxonomy":"product_tag","embeddable":true,"href":"https:\/\/suraa.co\/en\/wp-json\/wp\/v2\/product_tag?post=880"}],"curies":[{"name":"wp","href":"https:\/\/api.w.org\/{rel}","templated":true}]}}