{"id":601,"date":"2024-03-22T13:37:21","date_gmt":"2024-03-22T13:37:21","guid":{"rendered":"https:\/\/suraa.co\/?post_type=product&#038;p=601"},"modified":"2025-11-27T18:56:33","modified_gmt":"2025-11-27T18:56:33","slug":"voile-strass","status":"publish","type":"product","link":"https:\/\/suraa.co\/en\/product\/voile-strass\/","title":{"rendered":"Jersey Scarf Strass"},"content":{"rendered":"","protected":false},"excerpt":{"rendered":"<p>This jersey scarf can perfectly accompany SUR\u00c2A creations and add a touch of light with its integrated rhinestones.<\/p>","protected":false},"featured_media":603,"comment_status":"open","ping_status":"closed","template":"","meta":{"_acf_changed":false},"product_cat":[31,21],"product_tag":[],"class_list":{"0":"post-601","1":"product","2":"type-product","3":"status-publish","4":"has-post-thumbnail","6":"product_cat-accessoires","7":"product_cat-voile","9":"","10":"instock","11":"sale","12":"shipping-taxable","13":"purchasable","14":"product-type-simple"},"acf":{"details":"Taille : 190 cm x 70","composition":"Jersey 100% opaque","entretien":"Lavage \u00e0 la main uniquement"},"yoast_head":"<!-- This site is optimized with the Yoast SEO plugin v23.4 - https:\/\/yoast.com\/wordpress\/plugins\/seo\/ -->\n<title>Voile Strass - Suraa Modest Fashion<\/title>\n<meta name=\"robots\" content=\"index, follow, max-snippet:-1, max-image-preview:large, max-video-preview:-1\" \/>\n<link rel=\"canonical\" href=\"https:\/\/suraa.co\/en\/product\/voile-strass\/\" \/>\n<meta property=\"og:locale\" content=\"en_GB\" \/>\n<meta property=\"og:type\" content=\"article\" \/>\n<meta property=\"og:title\" content=\"Voile Strass - Suraa Modest Fashion\" \/>\n<meta property=\"og:description\" content=\"Ce voile en jersey pourra parfaitement accompagner les cr\u00e9ations SUR\u00c2A et ajouter une touche de lumi\u00e8re gr\u00e2ce \u00e0 ses strass int\u00e9gr\u00e9s\" \/>\n<meta property=\"og:url\" content=\"https:\/\/suraa.co\/en\/product\/voile-strass\/\" \/>\n<meta property=\"og:site_name\" content=\"Suraa Modest Fashion\" \/>\n<meta property=\"article:modified_time\" content=\"2025-11-27T18:56:33+00:00\" \/>\n<meta property=\"og:image\" content=\"https:\/\/i0.wp.com\/suraa.co\/wp-content\/uploads\/2024\/03\/Voile-strass--scaled.jpg?fit=2035%2C2560&ssl=1\" \/>\n\t<meta property=\"og:image:width\" content=\"2035\" \/>\n\t<meta property=\"og:image:height\" content=\"2560\" \/>\n\t<meta property=\"og:image:type\" content=\"image\/jpeg\" \/>\n<meta name=\"twitter:card\" content=\"summary_large_image\" \/>\n<meta name=\"twitter:label1\" content=\"Estimated reading time\" \/>\n\t<meta name=\"twitter:data1\" content=\"1 minute\" \/>\n<script type=\"application\/ld+json\" class=\"yoast-schema-graph\">{\"@context\":\"https:\/\/schema.org\",\"@graph\":[{\"@type\":\"WebPage\",\"@id\":\"https:\/\/suraa.co\/en\/product\/voile-strass\/\",\"url\":\"https:\/\/suraa.co\/en\/product\/voile-strass\/\",\"name\":\"Voile Strass - Suraa Modest Fashion\",\"isPartOf\":{\"@id\":\"https:\/\/suraa.co\/#website\"},\"primaryImageOfPage\":{\"@id\":\"https:\/\/suraa.co\/en\/product\/voile-strass\/#primaryimage\"},\"image\":{\"@id\":\"https:\/\/suraa.co\/en\/product\/voile-strass\/#primaryimage\"},\"thumbnailUrl\":\"https:\/\/i0.wp.com\/suraa.co\/wp-content\/uploads\/2024\/03\/Voile-strass--scaled.jpg?fit=2035%2C2560&ssl=1\",\"datePublished\":\"2024-03-22T13:37:21+00:00\",\"dateModified\":\"2025-11-27T18:56:33+00:00\",\"breadcrumb\":{\"@id\":\"https:\/\/suraa.co\/en\/product\/voile-strass\/#breadcrumb\"},\"inLanguage\":\"en-GB\",\"potentialAction\":[{\"@type\":\"ReadAction\",\"target\":[\"https:\/\/suraa.co\/en\/product\/voile-strass\/\"]}]},{\"@type\":\"ImageObject\",\"inLanguage\":\"en-GB\",\"@id\":\"https:\/\/suraa.co\/en\/product\/voile-strass\/#primaryimage\",\"url\":\"https:\/\/i0.wp.com\/suraa.co\/wp-content\/uploads\/2024\/03\/Voile-strass--scaled.jpg?fit=2035%2C2560&ssl=1\",\"contentUrl\":\"https:\/\/i0.wp.com\/suraa.co\/wp-content\/uploads\/2024\/03\/Voile-strass--scaled.jpg?fit=2035%2C2560&ssl=1\",\"width\":2035,\"height\":2560},{\"@type\":\"BreadcrumbList\",\"@id\":\"https:\/\/suraa.co\/en\/product\/voile-strass\/#breadcrumb\",\"itemListElement\":[{\"@type\":\"ListItem\",\"position\":1,\"name\":\"Accueil\",\"item\":\"https:\/\/suraa.co\/\"},{\"@type\":\"ListItem\",\"position\":2,\"name\":\"Collection\",\"item\":\"https:\/\/suraa.co\/collection\/\"},{\"@type\":\"ListItem\",\"position\":3,\"name\":\"Voile Strass\"}]},{\"@type\":\"WebSite\",\"@id\":\"https:\/\/suraa.co\/#website\",\"url\":\"https:\/\/suraa.co\/\",\"name\":\"Suraa Modest Fashion\",\"description\":\"Chez Suraa\",\"publisher\":{\"@id\":\"https:\/\/suraa.co\/#organization\"},\"potentialAction\":[{\"@type\":\"SearchAction\",\"target\":{\"@type\":\"EntryPoint\",\"urlTemplate\":\"https:\/\/suraa.co\/?s={search_term_string}\"},\"query-input\":{\"@type\":\"PropertyValueSpecification\",\"valueRequired\":true,\"valueName\":\"search_term_string\"}}],\"inLanguage\":\"en-GB\"},{\"@type\":\"Organization\",\"@id\":\"https:\/\/suraa.co\/#organization\",\"name\":\"Suraa Modest Fashion\",\"url\":\"https:\/\/suraa.co\/\",\"logo\":{\"@type\":\"ImageObject\",\"inLanguage\":\"en-GB\",\"@id\":\"https:\/\/suraa.co\/#\/schema\/logo\/image\/\",\"url\":\"https:\/\/i0.wp.com\/suraa.co\/wp-content\/uploads\/2024\/02\/logo-noir-carre-transparent.png?fit=2304%2C2304&ssl=1\",\"contentUrl\":\"https:\/\/i0.wp.com\/suraa.co\/wp-content\/uploads\/2024\/02\/logo-noir-carre-transparent.png?fit=2304%2C2304&ssl=1\",\"width\":2304,\"height\":2304,\"caption\":\"Suraa Modest Fashion\"},\"image\":{\"@id\":\"https:\/\/suraa.co\/#\/schema\/logo\/image\/\"}}]}<\/script>\n<!-- \/ Yoast SEO plugin. -->","yoast_head_json":{"title":"Voile Strass - Suraa Modest Fashion","robots":{"index":"index","follow":"follow","max-snippet":"max-snippet:-1","max-image-preview":"max-image-preview:large","max-video-preview":"max-video-preview:-1"},"canonical":"https:\/\/suraa.co\/en\/product\/voile-strass\/","og_locale":"en_GB","og_type":"article","og_title":"Voile Strass - Suraa Modest Fashion","og_description":"Ce voile en jersey pourra parfaitement accompagner les cr\u00e9ations SUR\u00c2A et ajouter une touche de lumi\u00e8re gr\u00e2ce \u00e0 ses strass int\u00e9gr\u00e9s","og_url":"https:\/\/suraa.co\/en\/product\/voile-strass\/","og_site_name":"Suraa Modest Fashion","article_modified_time":"2025-11-27T18:56:33+00:00","og_image":[{"width":2035,"height":2560,"url":"https:\/\/i0.wp.com\/suraa.co\/wp-content\/uploads\/2024\/03\/Voile-strass--scaled.jpg?fit=2035%2C2560&ssl=1","type":"image\/jpeg"}],"twitter_card":"summary_large_image","twitter_misc":{"Estimated reading time":"1 minute"},"schema":{"@context":"https:\/\/schema.org","@graph":[{"@type":"WebPage","@id":"https:\/\/suraa.co\/en\/product\/voile-strass\/","url":"https:\/\/suraa.co\/en\/product\/voile-strass\/","name":"Voile Strass - Suraa Modest Fashion","isPartOf":{"@id":"https:\/\/suraa.co\/#website"},"primaryImageOfPage":{"@id":"https:\/\/suraa.co\/en\/product\/voile-strass\/#primaryimage"},"image":{"@id":"https:\/\/suraa.co\/en\/product\/voile-strass\/#primaryimage"},"thumbnailUrl":"https:\/\/i0.wp.com\/suraa.co\/wp-content\/uploads\/2024\/03\/Voile-strass--scaled.jpg?fit=2035%2C2560&ssl=1","datePublished":"2024-03-22T13:37:21+00:00","dateModified":"2025-11-27T18:56:33+00:00","breadcrumb":{"@id":"https:\/\/suraa.co\/en\/product\/voile-strass\/#breadcrumb"},"inLanguage":"en-GB","potentialAction":[{"@type":"ReadAction","target":["https:\/\/suraa.co\/en\/product\/voile-strass\/"]}]},{"@type":"ImageObject","inLanguage":"en-GB","@id":"https:\/\/suraa.co\/en\/product\/voile-strass\/#primaryimage","url":"https:\/\/i0.wp.com\/suraa.co\/wp-content\/uploads\/2024\/03\/Voile-strass--scaled.jpg?fit=2035%2C2560&ssl=1","contentUrl":"https:\/\/i0.wp.com\/suraa.co\/wp-content\/uploads\/2024\/03\/Voile-strass--scaled.jpg?fit=2035%2C2560&ssl=1","width":2035,"height":2560},{"@type":"BreadcrumbList","@id":"https:\/\/suraa.co\/en\/product\/voile-strass\/#breadcrumb","itemListElement":[{"@type":"ListItem","position":1,"name":"Accueil","item":"https:\/\/suraa.co\/"},{"@type":"ListItem","position":2,"name":"Collection","item":"https:\/\/suraa.co\/collection\/"},{"@type":"ListItem","position":3,"name":"Voile Strass"}]},{"@type":"WebSite","@id":"https:\/\/suraa.co\/#website","url":"https:\/\/suraa.co\/","name":"Suraa Modest Fashion","description":"Chez Suraa","publisher":{"@id":"https:\/\/suraa.co\/#organization"},"potentialAction":[{"@type":"SearchAction","target":{"@type":"EntryPoint","urlTemplate":"https:\/\/suraa.co\/?s={search_term_string}"},"query-input":{"@type":"PropertyValueSpecification","valueRequired":true,"valueName":"search_term_string"}}],"inLanguage":"en-GB"},{"@type":"Organization","@id":"https:\/\/suraa.co\/#organization","name":"Suraa Modest Fashion","url":"https:\/\/suraa.co\/","logo":{"@type":"ImageObject","inLanguage":"en-GB","@id":"https:\/\/suraa.co\/#\/schema\/logo\/image\/","url":"https:\/\/i0.wp.com\/suraa.co\/wp-content\/uploads\/2024\/02\/logo-noir-carre-transparent.png?fit=2304%2C2304&ssl=1","contentUrl":"https:\/\/i0.wp.com\/suraa.co\/wp-content\/uploads\/2024\/02\/logo-noir-carre-transparent.png?fit=2304%2C2304&ssl=1","width":2304,"height":2304,"caption":"Suraa Modest Fashion"},"image":{"@id":"https:\/\/suraa.co\/#\/schema\/logo\/image\/"}}]}},"jetpack_sharing_enabled":true,"_links":{"self":[{"href":"https:\/\/suraa.co\/en\/wp-json\/wp\/v2\/product\/601","targetHints":{"allow":["GET"]}}],"collection":[{"href":"https:\/\/suraa.co\/en\/wp-json\/wp\/v2\/product"}],"about":[{"href":"https:\/\/suraa.co\/en\/wp-json\/wp\/v2\/types\/product"}],"replies":[{"embeddable":true,"href":"https:\/\/suraa.co\/en\/wp-json\/wp\/v2\/comments?post=601"}],"wp:featuredmedia":[{"embeddable":true,"href":"https:\/\/suraa.co\/en\/wp-json\/wp\/v2\/media\/603"}],"wp:attachment":[{"href":"https:\/\/suraa.co\/en\/wp-json\/wp\/v2\/media?parent=601"}],"wp:term":[{"taxonomy":"product_cat","embeddable":true,"href":"https:\/\/suraa.co\/en\/wp-json\/wp\/v2\/product_cat?post=601"},{"taxonomy":"product_tag","embeddable":true,"href":"https:\/\/suraa.co\/en\/wp-json\/wp\/v2\/product_tag?post=601"}],"curies":[{"name":"wp","href":"https:\/\/api.w.org\/{rel}","templated":true}]}}