{"id":50,"date":"2024-02-28T13:50:47","date_gmt":"2024-02-28T13:50:47","guid":{"rendered":"https:\/\/suraa.co\/product\/dress-sunshine\/"},"modified":"2025-12-14T21:47:22","modified_gmt":"2025-12-14T21:47:22","slug":"dress-sunshine","status":"publish","type":"product","link":"https:\/\/suraa.co\/en\/product\/dress-sunshine\/","title":{"rendered":"Dress SUNSHINE"},"content":{"rendered":"","protected":false},"excerpt":{"rendered":"<p>Allow yourself to be captivated by our masterpiece, the SUNSHINE dress. This two-piece outfit, combining the dress with pants, off ers a perfect blend of elegance and refinement. This key piece of the collection flatters your figure with a graceful and airy silhouette, thanks to the flowy, iridescent fabric.<\/p>\n<p>This set is sure to make you look stunning on special occasions.<\/p>\n<p>Convient de la taille 36 au 44<\/p>\n<p>The model is 1m70 tall<\/p>","protected":false},"featured_media":74,"comment_status":"open","ping_status":"closed","template":"","meta":{"_acf_changed":false},"product_cat":[18],"product_tag":[],"class_list":{"0":"post-50","1":"product","2":"type-product","3":"status-publish","4":"has-post-thumbnail","6":"product_cat-dress-ramadan-aid","8":"","9":"outofstock","10":"sale","11":"shipping-taxable","12":"purchasable","13":"product-type-simple"},"acf":{"details":"Longueur totale environ 150 cm\r\nLongueur pantalon environ 115 cm\r\nPantalon ajustable avec \u00e9lastique int\u00e9gr\u00e9\r\nDesigned in France","composition":"Arwa iris\u00e9 Ecotech","entretien":"Lavage \u00e0 la main, essorage minimum ou pressing. Pas de s\u00e8che linge. Repassage facile et doux sur l\u2019envers."},"yoast_head":"<!-- This site is optimized with the Yoast SEO plugin v23.4 - https:\/\/yoast.com\/wordpress\/plugins\/seo\/ -->\n<title>Dress SUNSHINE - Suraa Modest Fashion<\/title>\n<meta name=\"robots\" content=\"index, follow, max-snippet:-1, max-image-preview:large, max-video-preview:-1\" \/>\n<link rel=\"canonical\" href=\"https:\/\/suraa.co\/en\/product\/dress-sunshine\/\" \/>\n<meta property=\"og:locale\" content=\"en_GB\" \/>\n<meta property=\"og:type\" content=\"article\" \/>\n<meta property=\"og:title\" content=\"Dress SUNSHINE - Suraa Modest Fashion\" \/>\n<meta property=\"og:description\" content=\"Laissez-vous s\u00e9duire par notre master pi\u00e8ce : la robe SUNSHINE. Associ\u00e9e \u00e0 son pantalon, ce duo offre une fusion parfaite entre \u00e9l\u00e9gance et raffinement. Cette pi\u00e8ce phare de la collection vous conf\u00e8re une silhouette gracieuse et a\u00e9r\u00e9e de par la fluidit\u00e9 de son tissu iris\u00e9. Cet ensemble ne manquera pas de vous sublimer pour les occasions sp\u00e9ciales. Convient de la taille 36 au 44 Le mannequin mesure 1m70\" \/>\n<meta property=\"og:url\" content=\"https:\/\/suraa.co\/en\/product\/dress-sunshine\/\" \/>\n<meta property=\"og:site_name\" content=\"Suraa Modest Fashion\" \/>\n<meta property=\"article:modified_time\" content=\"2025-12-14T21:47:22+00:00\" \/>\n<meta property=\"og:image\" content=\"https:\/\/i0.wp.com\/suraa.co\/wp-content\/uploads\/2024\/02\/DRESS-SUNSHINE-1-scaled.jpg?fit=1904%2C2560&ssl=1\" \/>\n\t<meta property=\"og:image:width\" content=\"1904\" \/>\n\t<meta property=\"og:image:height\" content=\"2560\" \/>\n\t<meta property=\"og:image:type\" content=\"image\/jpeg\" \/>\n<meta name=\"twitter:card\" content=\"summary_large_image\" \/>\n<meta name=\"twitter:label1\" content=\"Estimated reading time\" \/>\n\t<meta name=\"twitter:data1\" content=\"1 minute\" \/>\n<script type=\"application\/ld+json\" class=\"yoast-schema-graph\">{\"@context\":\"https:\/\/schema.org\",\"@graph\":[{\"@type\":\"WebPage\",\"@id\":\"https:\/\/suraa.co\/product\/dress-sunshine\/\",\"url\":\"https:\/\/suraa.co\/product\/dress-sunshine\/\",\"name\":\"Dress SUNSHINE - Suraa Modest Fashion\",\"isPartOf\":{\"@id\":\"https:\/\/suraa.co\/#website\"},\"primaryImageOfPage\":{\"@id\":\"https:\/\/suraa.co\/product\/dress-sunshine\/#primaryimage\"},\"image\":{\"@id\":\"https:\/\/suraa.co\/product\/dress-sunshine\/#primaryimage\"},\"thumbnailUrl\":\"https:\/\/i0.wp.com\/suraa.co\/wp-content\/uploads\/2024\/02\/DRESS-SUNSHINE-1-scaled.jpg?fit=1904%2C2560&ssl=1\",\"datePublished\":\"2024-02-28T13:50:47+00:00\",\"dateModified\":\"2025-12-14T21:47:22+00:00\",\"breadcrumb\":{\"@id\":\"https:\/\/suraa.co\/product\/dress-sunshine\/#breadcrumb\"},\"inLanguage\":\"en-GB\",\"potentialAction\":[{\"@type\":\"ReadAction\",\"target\":[\"https:\/\/suraa.co\/product\/dress-sunshine\/\"]}]},{\"@type\":\"ImageObject\",\"inLanguage\":\"en-GB\",\"@id\":\"https:\/\/suraa.co\/product\/dress-sunshine\/#primaryimage\",\"url\":\"https:\/\/i0.wp.com\/suraa.co\/wp-content\/uploads\/2024\/02\/DRESS-SUNSHINE-1-scaled.jpg?fit=1904%2C2560&ssl=1\",\"contentUrl\":\"https:\/\/i0.wp.com\/suraa.co\/wp-content\/uploads\/2024\/02\/DRESS-SUNSHINE-1-scaled.jpg?fit=1904%2C2560&ssl=1\",\"width\":1904,\"height\":2560},{\"@type\":\"BreadcrumbList\",\"@id\":\"https:\/\/suraa.co\/product\/dress-sunshine\/#breadcrumb\",\"itemListElement\":[{\"@type\":\"ListItem\",\"position\":1,\"name\":\"Accueil\",\"item\":\"https:\/\/suraa.co\/\"},{\"@type\":\"ListItem\",\"position\":2,\"name\":\"Collection\",\"item\":\"https:\/\/suraa.co\/collection\/\"},{\"@type\":\"ListItem\",\"position\":3,\"name\":\"Dress SUNSHINE\"}]},{\"@type\":\"WebSite\",\"@id\":\"https:\/\/suraa.co\/#website\",\"url\":\"https:\/\/suraa.co\/\",\"name\":\"Suraa Modest Fashion\",\"description\":\"Chez Suraa\",\"publisher\":{\"@id\":\"https:\/\/suraa.co\/#organization\"},\"potentialAction\":[{\"@type\":\"SearchAction\",\"target\":{\"@type\":\"EntryPoint\",\"urlTemplate\":\"https:\/\/suraa.co\/?s={search_term_string}\"},\"query-input\":{\"@type\":\"PropertyValueSpecification\",\"valueRequired\":true,\"valueName\":\"search_term_string\"}}],\"inLanguage\":\"en-GB\"},{\"@type\":\"Organization\",\"@id\":\"https:\/\/suraa.co\/#organization\",\"name\":\"Suraa Modest Fashion\",\"url\":\"https:\/\/suraa.co\/\",\"logo\":{\"@type\":\"ImageObject\",\"inLanguage\":\"en-GB\",\"@id\":\"https:\/\/suraa.co\/#\/schema\/logo\/image\/\",\"url\":\"https:\/\/i0.wp.com\/suraa.co\/wp-content\/uploads\/2024\/02\/logo-noir-carre-transparent.png?fit=2304%2C2304&ssl=1\",\"contentUrl\":\"https:\/\/i0.wp.com\/suraa.co\/wp-content\/uploads\/2024\/02\/logo-noir-carre-transparent.png?fit=2304%2C2304&ssl=1\",\"width\":2304,\"height\":2304,\"caption\":\"Suraa Modest Fashion\"},\"image\":{\"@id\":\"https:\/\/suraa.co\/#\/schema\/logo\/image\/\"}}]}<\/script>\n<!-- \/ Yoast SEO plugin. -->","yoast_head_json":{"title":"Dress SUNSHINE - Suraa Modest Fashion","robots":{"index":"index","follow":"follow","max-snippet":"max-snippet:-1","max-image-preview":"max-image-preview:large","max-video-preview":"max-video-preview:-1"},"canonical":"https:\/\/suraa.co\/en\/product\/dress-sunshine\/","og_locale":"en_GB","og_type":"article","og_title":"Dress SUNSHINE - Suraa Modest Fashion","og_description":"Laissez-vous s\u00e9duire par notre master pi\u00e8ce : la robe SUNSHINE. Associ\u00e9e \u00e0 son pantalon, ce duo offre une fusion parfaite entre \u00e9l\u00e9gance et raffinement. Cette pi\u00e8ce phare de la collection vous conf\u00e8re une silhouette gracieuse et a\u00e9r\u00e9e de par la fluidit\u00e9 de son tissu iris\u00e9. Cet ensemble ne manquera pas de vous sublimer pour les occasions sp\u00e9ciales. Convient de la taille 36 au 44 Le mannequin mesure 1m70","og_url":"https:\/\/suraa.co\/en\/product\/dress-sunshine\/","og_site_name":"Suraa Modest Fashion","article_modified_time":"2025-12-14T21:47:22+00:00","og_image":[{"width":1904,"height":2560,"url":"https:\/\/i0.wp.com\/suraa.co\/wp-content\/uploads\/2024\/02\/DRESS-SUNSHINE-1-scaled.jpg?fit=1904%2C2560&ssl=1","type":"image\/jpeg"}],"twitter_card":"summary_large_image","twitter_misc":{"Estimated reading time":"1 minute"},"schema":{"@context":"https:\/\/schema.org","@graph":[{"@type":"WebPage","@id":"https:\/\/suraa.co\/product\/dress-sunshine\/","url":"https:\/\/suraa.co\/product\/dress-sunshine\/","name":"Dress SUNSHINE - Suraa Modest Fashion","isPartOf":{"@id":"https:\/\/suraa.co\/#website"},"primaryImageOfPage":{"@id":"https:\/\/suraa.co\/product\/dress-sunshine\/#primaryimage"},"image":{"@id":"https:\/\/suraa.co\/product\/dress-sunshine\/#primaryimage"},"thumbnailUrl":"https:\/\/i0.wp.com\/suraa.co\/wp-content\/uploads\/2024\/02\/DRESS-SUNSHINE-1-scaled.jpg?fit=1904%2C2560&ssl=1","datePublished":"2024-02-28T13:50:47+00:00","dateModified":"2025-12-14T21:47:22+00:00","breadcrumb":{"@id":"https:\/\/suraa.co\/product\/dress-sunshine\/#breadcrumb"},"inLanguage":"en-GB","potentialAction":[{"@type":"ReadAction","target":["https:\/\/suraa.co\/product\/dress-sunshine\/"]}]},{"@type":"ImageObject","inLanguage":"en-GB","@id":"https:\/\/suraa.co\/product\/dress-sunshine\/#primaryimage","url":"https:\/\/i0.wp.com\/suraa.co\/wp-content\/uploads\/2024\/02\/DRESS-SUNSHINE-1-scaled.jpg?fit=1904%2C2560&ssl=1","contentUrl":"https:\/\/i0.wp.com\/suraa.co\/wp-content\/uploads\/2024\/02\/DRESS-SUNSHINE-1-scaled.jpg?fit=1904%2C2560&ssl=1","width":1904,"height":2560},{"@type":"BreadcrumbList","@id":"https:\/\/suraa.co\/product\/dress-sunshine\/#breadcrumb","itemListElement":[{"@type":"ListItem","position":1,"name":"Accueil","item":"https:\/\/suraa.co\/"},{"@type":"ListItem","position":2,"name":"Collection","item":"https:\/\/suraa.co\/collection\/"},{"@type":"ListItem","position":3,"name":"Dress SUNSHINE"}]},{"@type":"WebSite","@id":"https:\/\/suraa.co\/#website","url":"https:\/\/suraa.co\/","name":"Suraa Modest Fashion","description":"Chez Suraa","publisher":{"@id":"https:\/\/suraa.co\/#organization"},"potentialAction":[{"@type":"SearchAction","target":{"@type":"EntryPoint","urlTemplate":"https:\/\/suraa.co\/?s={search_term_string}"},"query-input":{"@type":"PropertyValueSpecification","valueRequired":true,"valueName":"search_term_string"}}],"inLanguage":"en-GB"},{"@type":"Organization","@id":"https:\/\/suraa.co\/#organization","name":"Suraa Modest Fashion","url":"https:\/\/suraa.co\/","logo":{"@type":"ImageObject","inLanguage":"en-GB","@id":"https:\/\/suraa.co\/#\/schema\/logo\/image\/","url":"https:\/\/i0.wp.com\/suraa.co\/wp-content\/uploads\/2024\/02\/logo-noir-carre-transparent.png?fit=2304%2C2304&ssl=1","contentUrl":"https:\/\/i0.wp.com\/suraa.co\/wp-content\/uploads\/2024\/02\/logo-noir-carre-transparent.png?fit=2304%2C2304&ssl=1","width":2304,"height":2304,"caption":"Suraa Modest Fashion"},"image":{"@id":"https:\/\/suraa.co\/#\/schema\/logo\/image\/"}}]}},"jetpack_sharing_enabled":true,"_links":{"self":[{"href":"https:\/\/suraa.co\/en\/wp-json\/wp\/v2\/product\/50","targetHints":{"allow":["GET"]}}],"collection":[{"href":"https:\/\/suraa.co\/en\/wp-json\/wp\/v2\/product"}],"about":[{"href":"https:\/\/suraa.co\/en\/wp-json\/wp\/v2\/types\/product"}],"replies":[{"embeddable":true,"href":"https:\/\/suraa.co\/en\/wp-json\/wp\/v2\/comments?post=50"}],"wp:featuredmedia":[{"embeddable":true,"href":"https:\/\/suraa.co\/en\/wp-json\/wp\/v2\/media\/74"}],"wp:attachment":[{"href":"https:\/\/suraa.co\/en\/wp-json\/wp\/v2\/media?parent=50"}],"wp:term":[{"taxonomy":"product_cat","embeddable":true,"href":"https:\/\/suraa.co\/en\/wp-json\/wp\/v2\/product_cat?post=50"},{"taxonomy":"product_tag","embeddable":true,"href":"https:\/\/suraa.co\/en\/wp-json\/wp\/v2\/product_tag?post=50"}],"curies":[{"name":"wp","href":"https:\/\/api.w.org\/{rel}","templated":true}]}}