{"id":49,"date":"2024-02-28T13:50:47","date_gmt":"2024-02-28T13:50:47","guid":{"rendered":"https:\/\/suraa.co\/product\/dress-ice\/"},"modified":"2025-04-06T14:11:13","modified_gmt":"2025-04-06T14:11:13","slug":"dress-ice","status":"publish","type":"product","link":"https:\/\/suraa.co\/en\/product\/dress-ice\/","title":{"rendered":"Dress ICE"},"content":{"rendered":"","protected":false},"excerpt":{"rendered":"<p>Discover our long white dress, a symbol of elegance and sophistication. It features a back lace to adjust the size for a perfect fi t and an asymmetrical front cape for a touch of originality. This dress is a perfect choice for any special occasion where you want to stand out. Its sleek design makes it a must-have in your wardrobe.<\/p>\n<p>Convient de la taille 36 au 40 avec lacets.<\/p>\n<p>The model is 1m70 tall<\/p>\n<p>Le tissu \u00e9tant blanc, il est conseill\u00e9 de porter un fond de robe pour \u00e9viter toute transparence. Le mannequin porte une sous robe en jersey.<\/p>","protected":false},"featured_media":87,"comment_status":"open","ping_status":"closed","template":"","meta":{"_acf_changed":false},"product_cat":[18],"product_tag":[],"class_list":{"0":"post-49","1":"product","2":"type-product","3":"status-publish","4":"has-post-thumbnail","6":"product_cat-dress-ramadan-aid","8":"","9":"outofstock","10":"shipping-taxable","11":"purchasable","12":"product-type-simple"},"acf":{"details":"Longueur totale environ 150 cm\r\nCoupe ajust\u00e9e avec lacets int\u00e9gr\u00e9s \u00e0 l\u2019arri\u00e8re\r\nDesigned in France","composition":"Cr\u00eape Ecotech","entretien":"Lavage \u00e0 la main, essorage minimum ou pressing. Pas de s\u00e8che linge. Repassage facile et doux sur l\u2019envers."},"yoast_head":"<!-- This site is optimized with the Yoast SEO plugin v23.4 - https:\/\/yoast.com\/wordpress\/plugins\/seo\/ -->\n<title>Dress ICE - Suraa Modest Fashion<\/title>\n<meta name=\"description\" content=\"D\u00e9couvrez notre longue robe blanche, symbole d\u2019\u00e9l\u00e9gance et de sophistication, dot\u00e9e d\u2019un lacet arri\u00e8re pour ajuster la taille \u00e0 la perfection.\" \/>\n<meta name=\"robots\" content=\"index, follow, max-snippet:-1, max-image-preview:large, max-video-preview:-1\" \/>\n<link rel=\"canonical\" href=\"https:\/\/suraa.co\/en\/product\/dress-ice\/\" \/>\n<meta property=\"og:locale\" content=\"en_GB\" \/>\n<meta property=\"og:type\" content=\"article\" \/>\n<meta property=\"og:title\" content=\"Dress ICE - Suraa Modest Fashion\" \/>\n<meta property=\"og:description\" content=\"D\u00e9couvrez notre longue robe blanche, symbole d\u2019\u00e9l\u00e9gance et de sophistication, dot\u00e9e d\u2019un lacet arri\u00e8re pour ajuster la taille \u00e0 la perfection.\" \/>\n<meta property=\"og:url\" content=\"https:\/\/suraa.co\/en\/product\/dress-ice\/\" \/>\n<meta property=\"og:site_name\" content=\"Suraa Modest Fashion\" \/>\n<meta property=\"article:modified_time\" content=\"2025-04-06T14:11:13+00:00\" \/>\n<meta property=\"og:image\" content=\"https:\/\/i0.wp.com\/suraa.co\/wp-content\/uploads\/2024\/02\/DRESS-ICE-4-scaled.jpg?fit=2048%2C2560&ssl=1\" \/>\n\t<meta property=\"og:image:width\" content=\"2048\" \/>\n\t<meta property=\"og:image:height\" content=\"2560\" \/>\n\t<meta property=\"og:image:type\" content=\"image\/jpeg\" \/>\n<meta name=\"twitter:card\" content=\"summary_large_image\" \/>\n<meta name=\"twitter:label1\" content=\"Estimated reading time\" \/>\n\t<meta name=\"twitter:data1\" content=\"1 minute\" \/>\n<script type=\"application\/ld+json\" class=\"yoast-schema-graph\">{\"@context\":\"https:\/\/schema.org\",\"@graph\":[{\"@type\":\"WebPage\",\"@id\":\"https:\/\/suraa.co\/en\/product\/dress-ice\/\",\"url\":\"https:\/\/suraa.co\/en\/product\/dress-ice\/\",\"name\":\"Dress ICE - Suraa Modest Fashion\",\"isPartOf\":{\"@id\":\"https:\/\/suraa.co\/#website\"},\"primaryImageOfPage\":{\"@id\":\"https:\/\/suraa.co\/en\/product\/dress-ice\/#primaryimage\"},\"image\":{\"@id\":\"https:\/\/suraa.co\/en\/product\/dress-ice\/#primaryimage\"},\"thumbnailUrl\":\"https:\/\/i0.wp.com\/suraa.co\/wp-content\/uploads\/2024\/02\/DRESS-ICE-4-scaled.jpg?fit=2048%2C2560&ssl=1\",\"datePublished\":\"2024-02-28T13:50:47+00:00\",\"dateModified\":\"2025-04-06T14:11:13+00:00\",\"description\":\"D\u00e9couvrez notre longue robe blanche, symbole d\u2019\u00e9l\u00e9gance et de sophistication, dot\u00e9e d\u2019un lacet arri\u00e8re pour ajuster la taille \u00e0 la perfection.\",\"breadcrumb\":{\"@id\":\"https:\/\/suraa.co\/en\/product\/dress-ice\/#breadcrumb\"},\"inLanguage\":\"en-GB\",\"potentialAction\":[{\"@type\":\"ReadAction\",\"target\":[\"https:\/\/suraa.co\/en\/product\/dress-ice\/\"]}]},{\"@type\":\"ImageObject\",\"inLanguage\":\"en-GB\",\"@id\":\"https:\/\/suraa.co\/en\/product\/dress-ice\/#primaryimage\",\"url\":\"https:\/\/i0.wp.com\/suraa.co\/wp-content\/uploads\/2024\/02\/DRESS-ICE-4-scaled.jpg?fit=2048%2C2560&ssl=1\",\"contentUrl\":\"https:\/\/i0.wp.com\/suraa.co\/wp-content\/uploads\/2024\/02\/DRESS-ICE-4-scaled.jpg?fit=2048%2C2560&ssl=1\",\"width\":2048,\"height\":2560},{\"@type\":\"BreadcrumbList\",\"@id\":\"https:\/\/suraa.co\/en\/product\/dress-ice\/#breadcrumb\",\"itemListElement\":[{\"@type\":\"ListItem\",\"position\":1,\"name\":\"Accueil\",\"item\":\"https:\/\/suraa.co\/\"},{\"@type\":\"ListItem\",\"position\":2,\"name\":\"Collection\",\"item\":\"https:\/\/suraa.co\/collection\/\"},{\"@type\":\"ListItem\",\"position\":3,\"name\":\"Dress ICE\"}]},{\"@type\":\"WebSite\",\"@id\":\"https:\/\/suraa.co\/#website\",\"url\":\"https:\/\/suraa.co\/\",\"name\":\"Suraa Modest Fashion\",\"description\":\"Chez Suraa\",\"publisher\":{\"@id\":\"https:\/\/suraa.co\/#organization\"},\"potentialAction\":[{\"@type\":\"SearchAction\",\"target\":{\"@type\":\"EntryPoint\",\"urlTemplate\":\"https:\/\/suraa.co\/?s={search_term_string}\"},\"query-input\":{\"@type\":\"PropertyValueSpecification\",\"valueRequired\":true,\"valueName\":\"search_term_string\"}}],\"inLanguage\":\"en-GB\"},{\"@type\":\"Organization\",\"@id\":\"https:\/\/suraa.co\/#organization\",\"name\":\"Suraa Modest Fashion\",\"url\":\"https:\/\/suraa.co\/\",\"logo\":{\"@type\":\"ImageObject\",\"inLanguage\":\"en-GB\",\"@id\":\"https:\/\/suraa.co\/#\/schema\/logo\/image\/\",\"url\":\"https:\/\/i0.wp.com\/suraa.co\/wp-content\/uploads\/2024\/02\/logo-noir-carre-transparent.png?fit=2304%2C2304&ssl=1\",\"contentUrl\":\"https:\/\/i0.wp.com\/suraa.co\/wp-content\/uploads\/2024\/02\/logo-noir-carre-transparent.png?fit=2304%2C2304&ssl=1\",\"width\":2304,\"height\":2304,\"caption\":\"Suraa Modest Fashion\"},\"image\":{\"@id\":\"https:\/\/suraa.co\/#\/schema\/logo\/image\/\"}}]}<\/script>\n<!-- \/ Yoast SEO plugin. -->","yoast_head_json":{"title":"Dress ICE - Suraa Modest Fashion","description":"D\u00e9couvrez notre longue robe blanche, symbole d\u2019\u00e9l\u00e9gance et de sophistication, dot\u00e9e d\u2019un lacet arri\u00e8re pour ajuster la taille \u00e0 la perfection.","robots":{"index":"index","follow":"follow","max-snippet":"max-snippet:-1","max-image-preview":"max-image-preview:large","max-video-preview":"max-video-preview:-1"},"canonical":"https:\/\/suraa.co\/en\/product\/dress-ice\/","og_locale":"en_GB","og_type":"article","og_title":"Dress ICE - Suraa Modest Fashion","og_description":"D\u00e9couvrez notre longue robe blanche, symbole d\u2019\u00e9l\u00e9gance et de sophistication, dot\u00e9e d\u2019un lacet arri\u00e8re pour ajuster la taille \u00e0 la perfection.","og_url":"https:\/\/suraa.co\/en\/product\/dress-ice\/","og_site_name":"Suraa Modest Fashion","article_modified_time":"2025-04-06T14:11:13+00:00","og_image":[{"width":2048,"height":2560,"url":"https:\/\/i0.wp.com\/suraa.co\/wp-content\/uploads\/2024\/02\/DRESS-ICE-4-scaled.jpg?fit=2048%2C2560&ssl=1","type":"image\/jpeg"}],"twitter_card":"summary_large_image","twitter_misc":{"Estimated reading time":"1 minute"},"schema":{"@context":"https:\/\/schema.org","@graph":[{"@type":"WebPage","@id":"https:\/\/suraa.co\/en\/product\/dress-ice\/","url":"https:\/\/suraa.co\/en\/product\/dress-ice\/","name":"Dress ICE - Suraa Modest Fashion","isPartOf":{"@id":"https:\/\/suraa.co\/#website"},"primaryImageOfPage":{"@id":"https:\/\/suraa.co\/en\/product\/dress-ice\/#primaryimage"},"image":{"@id":"https:\/\/suraa.co\/en\/product\/dress-ice\/#primaryimage"},"thumbnailUrl":"https:\/\/i0.wp.com\/suraa.co\/wp-content\/uploads\/2024\/02\/DRESS-ICE-4-scaled.jpg?fit=2048%2C2560&ssl=1","datePublished":"2024-02-28T13:50:47+00:00","dateModified":"2025-04-06T14:11:13+00:00","description":"D\u00e9couvrez notre longue robe blanche, symbole d\u2019\u00e9l\u00e9gance et de sophistication, dot\u00e9e d\u2019un lacet arri\u00e8re pour ajuster la taille \u00e0 la perfection.","breadcrumb":{"@id":"https:\/\/suraa.co\/en\/product\/dress-ice\/#breadcrumb"},"inLanguage":"en-GB","potentialAction":[{"@type":"ReadAction","target":["https:\/\/suraa.co\/en\/product\/dress-ice\/"]}]},{"@type":"ImageObject","inLanguage":"en-GB","@id":"https:\/\/suraa.co\/en\/product\/dress-ice\/#primaryimage","url":"https:\/\/i0.wp.com\/suraa.co\/wp-content\/uploads\/2024\/02\/DRESS-ICE-4-scaled.jpg?fit=2048%2C2560&ssl=1","contentUrl":"https:\/\/i0.wp.com\/suraa.co\/wp-content\/uploads\/2024\/02\/DRESS-ICE-4-scaled.jpg?fit=2048%2C2560&ssl=1","width":2048,"height":2560},{"@type":"BreadcrumbList","@id":"https:\/\/suraa.co\/en\/product\/dress-ice\/#breadcrumb","itemListElement":[{"@type":"ListItem","position":1,"name":"Accueil","item":"https:\/\/suraa.co\/"},{"@type":"ListItem","position":2,"name":"Collection","item":"https:\/\/suraa.co\/collection\/"},{"@type":"ListItem","position":3,"name":"Dress ICE"}]},{"@type":"WebSite","@id":"https:\/\/suraa.co\/#website","url":"https:\/\/suraa.co\/","name":"Suraa Modest Fashion","description":"Chez Suraa","publisher":{"@id":"https:\/\/suraa.co\/#organization"},"potentialAction":[{"@type":"SearchAction","target":{"@type":"EntryPoint","urlTemplate":"https:\/\/suraa.co\/?s={search_term_string}"},"query-input":{"@type":"PropertyValueSpecification","valueRequired":true,"valueName":"search_term_string"}}],"inLanguage":"en-GB"},{"@type":"Organization","@id":"https:\/\/suraa.co\/#organization","name":"Suraa Modest Fashion","url":"https:\/\/suraa.co\/","logo":{"@type":"ImageObject","inLanguage":"en-GB","@id":"https:\/\/suraa.co\/#\/schema\/logo\/image\/","url":"https:\/\/i0.wp.com\/suraa.co\/wp-content\/uploads\/2024\/02\/logo-noir-carre-transparent.png?fit=2304%2C2304&ssl=1","contentUrl":"https:\/\/i0.wp.com\/suraa.co\/wp-content\/uploads\/2024\/02\/logo-noir-carre-transparent.png?fit=2304%2C2304&ssl=1","width":2304,"height":2304,"caption":"Suraa Modest Fashion"},"image":{"@id":"https:\/\/suraa.co\/#\/schema\/logo\/image\/"}}]}},"jetpack_sharing_enabled":true,"_links":{"self":[{"href":"https:\/\/suraa.co\/en\/wp-json\/wp\/v2\/product\/49","targetHints":{"allow":["GET"]}}],"collection":[{"href":"https:\/\/suraa.co\/en\/wp-json\/wp\/v2\/product"}],"about":[{"href":"https:\/\/suraa.co\/en\/wp-json\/wp\/v2\/types\/product"}],"replies":[{"embeddable":true,"href":"https:\/\/suraa.co\/en\/wp-json\/wp\/v2\/comments?post=49"}],"wp:featuredmedia":[{"embeddable":true,"href":"https:\/\/suraa.co\/en\/wp-json\/wp\/v2\/media\/87"}],"wp:attachment":[{"href":"https:\/\/suraa.co\/en\/wp-json\/wp\/v2\/media?parent=49"}],"wp:term":[{"taxonomy":"product_cat","embeddable":true,"href":"https:\/\/suraa.co\/en\/wp-json\/wp\/v2\/product_cat?post=49"},{"taxonomy":"product_tag","embeddable":true,"href":"https:\/\/suraa.co\/en\/wp-json\/wp\/v2\/product_tag?post=49"}],"curies":[{"name":"wp","href":"https:\/\/api.w.org\/{rel}","templated":true}]}}