{"id":1129,"date":"2025-05-12T18:51:21","date_gmt":"2025-05-12T18:51:21","guid":{"rendered":"https:\/\/suraa.co\/?post_type=product&#038;p=1129"},"modified":"2025-12-17T17:14:41","modified_gmt":"2025-12-17T17:14:41","slug":"abaya-parisienne","status":"publish","type":"product","link":"https:\/\/suraa.co\/en\/product\/abaya-parisienne\/","title":{"rendered":"Abaya Parisienne"},"content":{"rendered":"","protected":false},"excerpt":{"rendered":"<p>Affirmez votre style avec cette robe\/abaya au design audacieux. Dot\u00e9e d&#8217;une coupe asym\u00e9trique, elle marie parfaitement pudeur et classe. Son col chemise blanc amovible et les poignets effet chemise permettent d&#8217;ajouter un contraste avec le reste de la robe.<\/p>","protected":false},"featured_media":1133,"comment_status":"open","ping_status":"closed","template":"","meta":{"_acf_changed":false},"product_cat":[15],"product_tag":[],"class_list":{"0":"post-1129","1":"product","2":"type-product","3":"status-publish","4":"has-post-thumbnail","6":"product_cat-uncategorized","8":"","9":"outofstock","10":"sale","11":"shipping-taxable","12":"purchasable","13":"product-type-simple"},"acf":{"details":"Longueur totale environ 150 cm\r\nCoupe ajust\u00e9e d'un c\u00f4t\u00e9 et ample de l'autre, lacets int\u00e9gr\u00e9s \u00e0 l'int\u00e9rieur\r\nLe col est amovible, il peut se porter ou non , c'est au choix\r\nTaille unique allant du S au XL\r\nDesigned in France","composition":"Cr\u00eape ","entretien":"Lavage \u00e0 la main, essorage minimum ou pressing. Pas de s\u00e8che linge. Repassage facile et doux sur l\u2019envers."},"yoast_head":"<!-- This site is optimized with the Yoast SEO plugin v23.4 - https:\/\/yoast.com\/wordpress\/plugins\/seo\/ -->\n<title>Abaya Parisienne - Suraa Modest Fashion<\/title>\n<meta name=\"robots\" content=\"index, follow, max-snippet:-1, max-image-preview:large, max-video-preview:-1\" \/>\n<link rel=\"canonical\" href=\"https:\/\/suraa.co\/en\/product\/abaya-parisienne\/\" \/>\n<meta property=\"og:locale\" content=\"en_GB\" \/>\n<meta property=\"og:type\" content=\"article\" \/>\n<meta property=\"og:title\" content=\"Abaya Parisienne - Suraa Modest Fashion\" \/>\n<meta property=\"og:description\" content=\"Affirmez votre style avec cette robe\/abaya au design audacieux. Dot\u00e9e d&#039;une coupe asym\u00e9trique, elle marie parfaitement pudeur et classe. Son col chemise blanc amovible et les poignets effet chemise permettent d&#039;ajouter un contraste avec le reste de la robe.\" \/>\n<meta property=\"og:url\" content=\"https:\/\/suraa.co\/en\/product\/abaya-parisienne\/\" \/>\n<meta property=\"og:site_name\" content=\"Suraa Modest Fashion\" \/>\n<meta property=\"article:modified_time\" content=\"2025-12-17T17:14:41+00:00\" \/>\n<meta property=\"og:image\" content=\"https:\/\/i0.wp.com\/suraa.co\/wp-content\/uploads\/2025\/05\/IMG_9134.jpg?fit=1482%2C1993&ssl=1\" \/>\n\t<meta property=\"og:image:width\" content=\"1482\" \/>\n\t<meta property=\"og:image:height\" content=\"1993\" \/>\n\t<meta property=\"og:image:type\" content=\"image\/jpeg\" \/>\n<meta name=\"twitter:card\" content=\"summary_large_image\" \/>\n<meta name=\"twitter:label1\" content=\"Estimated reading time\" \/>\n\t<meta name=\"twitter:data1\" content=\"1 minute\" \/>\n<script type=\"application\/ld+json\" class=\"yoast-schema-graph\">{\"@context\":\"https:\/\/schema.org\",\"@graph\":[{\"@type\":\"WebPage\",\"@id\":\"https:\/\/suraa.co\/en\/product\/abaya-parisienne\/\",\"url\":\"https:\/\/suraa.co\/en\/product\/abaya-parisienne\/\",\"name\":\"Abaya Parisienne - Suraa Modest Fashion\",\"isPartOf\":{\"@id\":\"https:\/\/suraa.co\/#website\"},\"primaryImageOfPage\":{\"@id\":\"https:\/\/suraa.co\/en\/product\/abaya-parisienne\/#primaryimage\"},\"image\":{\"@id\":\"https:\/\/suraa.co\/en\/product\/abaya-parisienne\/#primaryimage\"},\"thumbnailUrl\":\"https:\/\/i0.wp.com\/suraa.co\/wp-content\/uploads\/2025\/05\/IMG_9134.jpg?fit=1482%2C1993&ssl=1\",\"datePublished\":\"2025-05-12T18:51:21+00:00\",\"dateModified\":\"2025-12-17T17:14:41+00:00\",\"breadcrumb\":{\"@id\":\"https:\/\/suraa.co\/en\/product\/abaya-parisienne\/#breadcrumb\"},\"inLanguage\":\"en-GB\",\"potentialAction\":[{\"@type\":\"ReadAction\",\"target\":[\"https:\/\/suraa.co\/en\/product\/abaya-parisienne\/\"]}]},{\"@type\":\"ImageObject\",\"inLanguage\":\"en-GB\",\"@id\":\"https:\/\/suraa.co\/en\/product\/abaya-parisienne\/#primaryimage\",\"url\":\"https:\/\/i0.wp.com\/suraa.co\/wp-content\/uploads\/2025\/05\/IMG_9134.jpg?fit=1482%2C1993&ssl=1\",\"contentUrl\":\"https:\/\/i0.wp.com\/suraa.co\/wp-content\/uploads\/2025\/05\/IMG_9134.jpg?fit=1482%2C1993&ssl=1\",\"width\":1482,\"height\":1993},{\"@type\":\"BreadcrumbList\",\"@id\":\"https:\/\/suraa.co\/en\/product\/abaya-parisienne\/#breadcrumb\",\"itemListElement\":[{\"@type\":\"ListItem\",\"position\":1,\"name\":\"Accueil\",\"item\":\"https:\/\/suraa.co\/\"},{\"@type\":\"ListItem\",\"position\":2,\"name\":\"Collection\",\"item\":\"https:\/\/suraa.co\/collection\/\"},{\"@type\":\"ListItem\",\"position\":3,\"name\":\"Abaya Parisienne\"}]},{\"@type\":\"WebSite\",\"@id\":\"https:\/\/suraa.co\/#website\",\"url\":\"https:\/\/suraa.co\/\",\"name\":\"Suraa Modest Fashion\",\"description\":\"Chez Suraa\",\"publisher\":{\"@id\":\"https:\/\/suraa.co\/#organization\"},\"potentialAction\":[{\"@type\":\"SearchAction\",\"target\":{\"@type\":\"EntryPoint\",\"urlTemplate\":\"https:\/\/suraa.co\/?s={search_term_string}\"},\"query-input\":{\"@type\":\"PropertyValueSpecification\",\"valueRequired\":true,\"valueName\":\"search_term_string\"}}],\"inLanguage\":\"en-GB\"},{\"@type\":\"Organization\",\"@id\":\"https:\/\/suraa.co\/#organization\",\"name\":\"Suraa Modest Fashion\",\"url\":\"https:\/\/suraa.co\/\",\"logo\":{\"@type\":\"ImageObject\",\"inLanguage\":\"en-GB\",\"@id\":\"https:\/\/suraa.co\/#\/schema\/logo\/image\/\",\"url\":\"https:\/\/i0.wp.com\/suraa.co\/wp-content\/uploads\/2024\/02\/logo-noir-carre-transparent.png?fit=2304%2C2304&ssl=1\",\"contentUrl\":\"https:\/\/i0.wp.com\/suraa.co\/wp-content\/uploads\/2024\/02\/logo-noir-carre-transparent.png?fit=2304%2C2304&ssl=1\",\"width\":2304,\"height\":2304,\"caption\":\"Suraa Modest Fashion\"},\"image\":{\"@id\":\"https:\/\/suraa.co\/#\/schema\/logo\/image\/\"}}]}<\/script>\n<!-- \/ Yoast SEO plugin. -->","yoast_head_json":{"title":"Abaya Parisienne - Suraa Modest Fashion","robots":{"index":"index","follow":"follow","max-snippet":"max-snippet:-1","max-image-preview":"max-image-preview:large","max-video-preview":"max-video-preview:-1"},"canonical":"https:\/\/suraa.co\/en\/product\/abaya-parisienne\/","og_locale":"en_GB","og_type":"article","og_title":"Abaya Parisienne - Suraa Modest Fashion","og_description":"Affirmez votre style avec cette robe\/abaya au design audacieux. Dot\u00e9e d'une coupe asym\u00e9trique, elle marie parfaitement pudeur et classe. Son col chemise blanc amovible et les poignets effet chemise permettent d'ajouter un contraste avec le reste de la robe.","og_url":"https:\/\/suraa.co\/en\/product\/abaya-parisienne\/","og_site_name":"Suraa Modest Fashion","article_modified_time":"2025-12-17T17:14:41+00:00","og_image":[{"width":1482,"height":1993,"url":"https:\/\/i0.wp.com\/suraa.co\/wp-content\/uploads\/2025\/05\/IMG_9134.jpg?fit=1482%2C1993&ssl=1","type":"image\/jpeg"}],"twitter_card":"summary_large_image","twitter_misc":{"Estimated reading time":"1 minute"},"schema":{"@context":"https:\/\/schema.org","@graph":[{"@type":"WebPage","@id":"https:\/\/suraa.co\/en\/product\/abaya-parisienne\/","url":"https:\/\/suraa.co\/en\/product\/abaya-parisienne\/","name":"Abaya Parisienne - Suraa Modest Fashion","isPartOf":{"@id":"https:\/\/suraa.co\/#website"},"primaryImageOfPage":{"@id":"https:\/\/suraa.co\/en\/product\/abaya-parisienne\/#primaryimage"},"image":{"@id":"https:\/\/suraa.co\/en\/product\/abaya-parisienne\/#primaryimage"},"thumbnailUrl":"https:\/\/i0.wp.com\/suraa.co\/wp-content\/uploads\/2025\/05\/IMG_9134.jpg?fit=1482%2C1993&ssl=1","datePublished":"2025-05-12T18:51:21+00:00","dateModified":"2025-12-17T17:14:41+00:00","breadcrumb":{"@id":"https:\/\/suraa.co\/en\/product\/abaya-parisienne\/#breadcrumb"},"inLanguage":"en-GB","potentialAction":[{"@type":"ReadAction","target":["https:\/\/suraa.co\/en\/product\/abaya-parisienne\/"]}]},{"@type":"ImageObject","inLanguage":"en-GB","@id":"https:\/\/suraa.co\/en\/product\/abaya-parisienne\/#primaryimage","url":"https:\/\/i0.wp.com\/suraa.co\/wp-content\/uploads\/2025\/05\/IMG_9134.jpg?fit=1482%2C1993&ssl=1","contentUrl":"https:\/\/i0.wp.com\/suraa.co\/wp-content\/uploads\/2025\/05\/IMG_9134.jpg?fit=1482%2C1993&ssl=1","width":1482,"height":1993},{"@type":"BreadcrumbList","@id":"https:\/\/suraa.co\/en\/product\/abaya-parisienne\/#breadcrumb","itemListElement":[{"@type":"ListItem","position":1,"name":"Accueil","item":"https:\/\/suraa.co\/"},{"@type":"ListItem","position":2,"name":"Collection","item":"https:\/\/suraa.co\/collection\/"},{"@type":"ListItem","position":3,"name":"Abaya Parisienne"}]},{"@type":"WebSite","@id":"https:\/\/suraa.co\/#website","url":"https:\/\/suraa.co\/","name":"Suraa Modest Fashion","description":"Chez Suraa","publisher":{"@id":"https:\/\/suraa.co\/#organization"},"potentialAction":[{"@type":"SearchAction","target":{"@type":"EntryPoint","urlTemplate":"https:\/\/suraa.co\/?s={search_term_string}"},"query-input":{"@type":"PropertyValueSpecification","valueRequired":true,"valueName":"search_term_string"}}],"inLanguage":"en-GB"},{"@type":"Organization","@id":"https:\/\/suraa.co\/#organization","name":"Suraa Modest Fashion","url":"https:\/\/suraa.co\/","logo":{"@type":"ImageObject","inLanguage":"en-GB","@id":"https:\/\/suraa.co\/#\/schema\/logo\/image\/","url":"https:\/\/i0.wp.com\/suraa.co\/wp-content\/uploads\/2024\/02\/logo-noir-carre-transparent.png?fit=2304%2C2304&ssl=1","contentUrl":"https:\/\/i0.wp.com\/suraa.co\/wp-content\/uploads\/2024\/02\/logo-noir-carre-transparent.png?fit=2304%2C2304&ssl=1","width":2304,"height":2304,"caption":"Suraa Modest Fashion"},"image":{"@id":"https:\/\/suraa.co\/#\/schema\/logo\/image\/"}}]}},"jetpack_sharing_enabled":true,"_links":{"self":[{"href":"https:\/\/suraa.co\/en\/wp-json\/wp\/v2\/product\/1129","targetHints":{"allow":["GET"]}}],"collection":[{"href":"https:\/\/suraa.co\/en\/wp-json\/wp\/v2\/product"}],"about":[{"href":"https:\/\/suraa.co\/en\/wp-json\/wp\/v2\/types\/product"}],"replies":[{"embeddable":true,"href":"https:\/\/suraa.co\/en\/wp-json\/wp\/v2\/comments?post=1129"}],"wp:featuredmedia":[{"embeddable":true,"href":"https:\/\/suraa.co\/en\/wp-json\/wp\/v2\/media\/1133"}],"wp:attachment":[{"href":"https:\/\/suraa.co\/en\/wp-json\/wp\/v2\/media?parent=1129"}],"wp:term":[{"taxonomy":"product_cat","embeddable":true,"href":"https:\/\/suraa.co\/en\/wp-json\/wp\/v2\/product_cat?post=1129"},{"taxonomy":"product_tag","embeddable":true,"href":"https:\/\/suraa.co\/en\/wp-json\/wp\/v2\/product_tag?post=1129"}],"curies":[{"name":"wp","href":"https:\/\/api.w.org\/{rel}","templated":true}]}}