{"id":1016,"date":"2025-03-14T13:30:24","date_gmt":"2025-03-14T13:30:24","guid":{"rendered":"https:\/\/suraa.co\/?post_type=product&#038;p=1016"},"modified":"2025-11-27T18:51:14","modified_gmt":"2025-11-27T18:51:14","slug":"abaya-vogue","status":"publish","type":"product","link":"https:\/\/suraa.co\/en\/product\/abaya-vogue\/","title":{"rendered":"Abaya VOGUE"},"content":{"rendered":"","protected":false},"excerpt":{"rendered":"<p>Affirmez votre style avec la abaya VOGUE !<\/p>\n<p>Con\u00e7ue pour se sentir sophistiqu\u00e9e gr\u00e2ce \u00e0 sa cape int\u00e9gr\u00e9e, elle offre un tomb\u00e9 impeccable garantissant un confort optimal.<\/p>\n<p>Son col tailleur inspir\u00e9e des vestes \u00e9l\u00e9gantes conf\u00e8re \u00e0 cette pi\u00e8ce une allure chic et intemporelle.<\/p>\n<p>Id\u00e9ale pour les occasions formelles ou les sorties \u00e9l\u00e9gantes, la abaya VOGUE fera partie des pi\u00e8ces maitresses de votre dressing !<\/p>\n<p>Convient de la taille 36 au 44.<\/p>\n<p>The model is 1m70 tall<\/p>\n<p>&nbsp;<\/p>","protected":false},"featured_media":1025,"comment_status":"open","ping_status":"closed","template":"","meta":{"_acf_changed":false},"product_cat":[18],"product_tag":[],"class_list":{"0":"post-1016","1":"product","2":"type-product","3":"status-publish","4":"has-post-thumbnail","6":"product_cat-dress-ramadan-aid","8":"","9":"instock","10":"sale","11":"shipping-taxable","12":"purchasable","13":"product-type-simple"},"acf":{"details":"Longueur totale environ 150 cm\r\nCoupe ajust\u00e9e avec lacets int\u00e9gr\u00e9s \u00e0 l\u2019arri\u00e8re\r\nDesigned in France","composition":"Cr\u00eape Ecotech","entretien":"Lavage \u00e0 la main, essorage minimum ou pressing. Pas de s\u00e8che linge. Repassage facile et doux sur l\u2019envers."},"yoast_head":"<!-- This site is optimized with the Yoast SEO plugin v23.4 - https:\/\/yoast.com\/wordpress\/plugins\/seo\/ -->\n<title>Abaya VOGUE - Suraa Modest Fashion<\/title>\n<meta name=\"robots\" content=\"index, follow, max-snippet:-1, max-image-preview:large, max-video-preview:-1\" \/>\n<link rel=\"canonical\" href=\"https:\/\/suraa.co\/en\/product\/abaya-vogue\/\" \/>\n<meta property=\"og:locale\" content=\"en_GB\" \/>\n<meta property=\"og:type\" content=\"article\" \/>\n<meta property=\"og:title\" content=\"Abaya VOGUE - Suraa Modest Fashion\" \/>\n<meta property=\"og:description\" content=\"Affirmez votre style avec la abaya VOGUE !  Con\u00e7ue pour se sentir sophistiqu\u00e9e gr\u00e2ce \u00e0 sa cape int\u00e9gr\u00e9e, elle offre un tomb\u00e9 impeccable garantissant un confort optimal.  Son col tailleur inspir\u00e9e des vestes \u00e9l\u00e9gantes conf\u00e8re \u00e0 cette pi\u00e8ce une allure chic et intemporelle.  Id\u00e9ale pour les occasions formelles ou les sorties \u00e9l\u00e9gantes, la abaya VOGUE fera partie des pi\u00e8ces maitresses de votre dressing !  Convient de la taille 36 au 44.  Le mannequin mesure 1m70  &nbsp;\" \/>\n<meta property=\"og:url\" content=\"https:\/\/suraa.co\/en\/product\/abaya-vogue\/\" \/>\n<meta property=\"og:site_name\" content=\"Suraa Modest Fashion\" \/>\n<meta property=\"article:modified_time\" content=\"2025-11-27T18:51:14+00:00\" \/>\n<meta property=\"og:image\" content=\"https:\/\/i0.wp.com\/suraa.co\/wp-content\/uploads\/2025\/03\/img_9968-1-scaled.jpeg?fit=2374%2C2560&ssl=1\" \/>\n\t<meta property=\"og:image:width\" content=\"2374\" \/>\n\t<meta property=\"og:image:height\" content=\"2560\" \/>\n\t<meta property=\"og:image:type\" content=\"image\/jpeg\" \/>\n<meta name=\"twitter:card\" content=\"summary_large_image\" \/>\n<meta name=\"twitter:label1\" content=\"Estimated reading time\" \/>\n\t<meta name=\"twitter:data1\" content=\"1 minute\" \/>\n<script type=\"application\/ld+json\" class=\"yoast-schema-graph\">{\"@context\":\"https:\/\/schema.org\",\"@graph\":[{\"@type\":\"WebPage\",\"@id\":\"https:\/\/suraa.co\/en\/product\/abaya-vogue\/\",\"url\":\"https:\/\/suraa.co\/en\/product\/abaya-vogue\/\",\"name\":\"Abaya VOGUE - Suraa Modest Fashion\",\"isPartOf\":{\"@id\":\"https:\/\/suraa.co\/#website\"},\"primaryImageOfPage\":{\"@id\":\"https:\/\/suraa.co\/en\/product\/abaya-vogue\/#primaryimage\"},\"image\":{\"@id\":\"https:\/\/suraa.co\/en\/product\/abaya-vogue\/#primaryimage\"},\"thumbnailUrl\":\"https:\/\/i0.wp.com\/suraa.co\/wp-content\/uploads\/2025\/03\/img_9968-1-scaled.jpeg?fit=2374%2C2560&ssl=1\",\"datePublished\":\"2025-03-14T13:30:24+00:00\",\"dateModified\":\"2025-11-27T18:51:14+00:00\",\"breadcrumb\":{\"@id\":\"https:\/\/suraa.co\/en\/product\/abaya-vogue\/#breadcrumb\"},\"inLanguage\":\"en-GB\",\"potentialAction\":[{\"@type\":\"ReadAction\",\"target\":[\"https:\/\/suraa.co\/en\/product\/abaya-vogue\/\"]}]},{\"@type\":\"ImageObject\",\"inLanguage\":\"en-GB\",\"@id\":\"https:\/\/suraa.co\/en\/product\/abaya-vogue\/#primaryimage\",\"url\":\"https:\/\/i0.wp.com\/suraa.co\/wp-content\/uploads\/2025\/03\/img_9968-1-scaled.jpeg?fit=2374%2C2560&ssl=1\",\"contentUrl\":\"https:\/\/i0.wp.com\/suraa.co\/wp-content\/uploads\/2025\/03\/img_9968-1-scaled.jpeg?fit=2374%2C2560&ssl=1\",\"width\":2374,\"height\":2560},{\"@type\":\"BreadcrumbList\",\"@id\":\"https:\/\/suraa.co\/en\/product\/abaya-vogue\/#breadcrumb\",\"itemListElement\":[{\"@type\":\"ListItem\",\"position\":1,\"name\":\"Accueil\",\"item\":\"https:\/\/suraa.co\/\"},{\"@type\":\"ListItem\",\"position\":2,\"name\":\"Collection\",\"item\":\"https:\/\/suraa.co\/collection\/\"},{\"@type\":\"ListItem\",\"position\":3,\"name\":\"Abaya VOGUE\"}]},{\"@type\":\"WebSite\",\"@id\":\"https:\/\/suraa.co\/#website\",\"url\":\"https:\/\/suraa.co\/\",\"name\":\"Suraa Modest Fashion\",\"description\":\"Chez Suraa\",\"publisher\":{\"@id\":\"https:\/\/suraa.co\/#organization\"},\"potentialAction\":[{\"@type\":\"SearchAction\",\"target\":{\"@type\":\"EntryPoint\",\"urlTemplate\":\"https:\/\/suraa.co\/?s={search_term_string}\"},\"query-input\":{\"@type\":\"PropertyValueSpecification\",\"valueRequired\":true,\"valueName\":\"search_term_string\"}}],\"inLanguage\":\"en-GB\"},{\"@type\":\"Organization\",\"@id\":\"https:\/\/suraa.co\/#organization\",\"name\":\"Suraa Modest Fashion\",\"url\":\"https:\/\/suraa.co\/\",\"logo\":{\"@type\":\"ImageObject\",\"inLanguage\":\"en-GB\",\"@id\":\"https:\/\/suraa.co\/#\/schema\/logo\/image\/\",\"url\":\"https:\/\/i0.wp.com\/suraa.co\/wp-content\/uploads\/2024\/02\/logo-noir-carre-transparent.png?fit=2304%2C2304&ssl=1\",\"contentUrl\":\"https:\/\/i0.wp.com\/suraa.co\/wp-content\/uploads\/2024\/02\/logo-noir-carre-transparent.png?fit=2304%2C2304&ssl=1\",\"width\":2304,\"height\":2304,\"caption\":\"Suraa Modest Fashion\"},\"image\":{\"@id\":\"https:\/\/suraa.co\/#\/schema\/logo\/image\/\"}}]}<\/script>\n<!-- \/ Yoast SEO plugin. -->","yoast_head_json":{"title":"Abaya VOGUE - Suraa Modest Fashion","robots":{"index":"index","follow":"follow","max-snippet":"max-snippet:-1","max-image-preview":"max-image-preview:large","max-video-preview":"max-video-preview:-1"},"canonical":"https:\/\/suraa.co\/en\/product\/abaya-vogue\/","og_locale":"en_GB","og_type":"article","og_title":"Abaya VOGUE - Suraa Modest Fashion","og_description":"Affirmez votre style avec la abaya VOGUE !  Con\u00e7ue pour se sentir sophistiqu\u00e9e gr\u00e2ce \u00e0 sa cape int\u00e9gr\u00e9e, elle offre un tomb\u00e9 impeccable garantissant un confort optimal.  Son col tailleur inspir\u00e9e des vestes \u00e9l\u00e9gantes conf\u00e8re \u00e0 cette pi\u00e8ce une allure chic et intemporelle.  Id\u00e9ale pour les occasions formelles ou les sorties \u00e9l\u00e9gantes, la abaya VOGUE fera partie des pi\u00e8ces maitresses de votre dressing !  Convient de la taille 36 au 44.  Le mannequin mesure 1m70  &nbsp;","og_url":"https:\/\/suraa.co\/en\/product\/abaya-vogue\/","og_site_name":"Suraa Modest Fashion","article_modified_time":"2025-11-27T18:51:14+00:00","og_image":[{"width":2374,"height":2560,"url":"https:\/\/i0.wp.com\/suraa.co\/wp-content\/uploads\/2025\/03\/img_9968-1-scaled.jpeg?fit=2374%2C2560&ssl=1","type":"image\/jpeg"}],"twitter_card":"summary_large_image","twitter_misc":{"Estimated reading time":"1 minute"},"schema":{"@context":"https:\/\/schema.org","@graph":[{"@type":"WebPage","@id":"https:\/\/suraa.co\/en\/product\/abaya-vogue\/","url":"https:\/\/suraa.co\/en\/product\/abaya-vogue\/","name":"Abaya VOGUE - Suraa Modest Fashion","isPartOf":{"@id":"https:\/\/suraa.co\/#website"},"primaryImageOfPage":{"@id":"https:\/\/suraa.co\/en\/product\/abaya-vogue\/#primaryimage"},"image":{"@id":"https:\/\/suraa.co\/en\/product\/abaya-vogue\/#primaryimage"},"thumbnailUrl":"https:\/\/i0.wp.com\/suraa.co\/wp-content\/uploads\/2025\/03\/img_9968-1-scaled.jpeg?fit=2374%2C2560&ssl=1","datePublished":"2025-03-14T13:30:24+00:00","dateModified":"2025-11-27T18:51:14+00:00","breadcrumb":{"@id":"https:\/\/suraa.co\/en\/product\/abaya-vogue\/#breadcrumb"},"inLanguage":"en-GB","potentialAction":[{"@type":"ReadAction","target":["https:\/\/suraa.co\/en\/product\/abaya-vogue\/"]}]},{"@type":"ImageObject","inLanguage":"en-GB","@id":"https:\/\/suraa.co\/en\/product\/abaya-vogue\/#primaryimage","url":"https:\/\/i0.wp.com\/suraa.co\/wp-content\/uploads\/2025\/03\/img_9968-1-scaled.jpeg?fit=2374%2C2560&ssl=1","contentUrl":"https:\/\/i0.wp.com\/suraa.co\/wp-content\/uploads\/2025\/03\/img_9968-1-scaled.jpeg?fit=2374%2C2560&ssl=1","width":2374,"height":2560},{"@type":"BreadcrumbList","@id":"https:\/\/suraa.co\/en\/product\/abaya-vogue\/#breadcrumb","itemListElement":[{"@type":"ListItem","position":1,"name":"Accueil","item":"https:\/\/suraa.co\/"},{"@type":"ListItem","position":2,"name":"Collection","item":"https:\/\/suraa.co\/collection\/"},{"@type":"ListItem","position":3,"name":"Abaya VOGUE"}]},{"@type":"WebSite","@id":"https:\/\/suraa.co\/#website","url":"https:\/\/suraa.co\/","name":"Suraa Modest Fashion","description":"Chez Suraa","publisher":{"@id":"https:\/\/suraa.co\/#organization"},"potentialAction":[{"@type":"SearchAction","target":{"@type":"EntryPoint","urlTemplate":"https:\/\/suraa.co\/?s={search_term_string}"},"query-input":{"@type":"PropertyValueSpecification","valueRequired":true,"valueName":"search_term_string"}}],"inLanguage":"en-GB"},{"@type":"Organization","@id":"https:\/\/suraa.co\/#organization","name":"Suraa Modest Fashion","url":"https:\/\/suraa.co\/","logo":{"@type":"ImageObject","inLanguage":"en-GB","@id":"https:\/\/suraa.co\/#\/schema\/logo\/image\/","url":"https:\/\/i0.wp.com\/suraa.co\/wp-content\/uploads\/2024\/02\/logo-noir-carre-transparent.png?fit=2304%2C2304&ssl=1","contentUrl":"https:\/\/i0.wp.com\/suraa.co\/wp-content\/uploads\/2024\/02\/logo-noir-carre-transparent.png?fit=2304%2C2304&ssl=1","width":2304,"height":2304,"caption":"Suraa Modest Fashion"},"image":{"@id":"https:\/\/suraa.co\/#\/schema\/logo\/image\/"}}]}},"jetpack_sharing_enabled":true,"_links":{"self":[{"href":"https:\/\/suraa.co\/en\/wp-json\/wp\/v2\/product\/1016","targetHints":{"allow":["GET"]}}],"collection":[{"href":"https:\/\/suraa.co\/en\/wp-json\/wp\/v2\/product"}],"about":[{"href":"https:\/\/suraa.co\/en\/wp-json\/wp\/v2\/types\/product"}],"replies":[{"embeddable":true,"href":"https:\/\/suraa.co\/en\/wp-json\/wp\/v2\/comments?post=1016"}],"wp:featuredmedia":[{"embeddable":true,"href":"https:\/\/suraa.co\/en\/wp-json\/wp\/v2\/media\/1025"}],"wp:attachment":[{"href":"https:\/\/suraa.co\/en\/wp-json\/wp\/v2\/media?parent=1016"}],"wp:term":[{"taxonomy":"product_cat","embeddable":true,"href":"https:\/\/suraa.co\/en\/wp-json\/wp\/v2\/product_cat?post=1016"},{"taxonomy":"product_tag","embeddable":true,"href":"https:\/\/suraa.co\/en\/wp-json\/wp\/v2\/product_tag?post=1016"}],"curies":[{"name":"wp","href":"https:\/\/api.w.org\/{rel}","templated":true}]}}