{"id":1003,"date":"2025-03-14T12:51:18","date_gmt":"2025-03-14T12:51:18","guid":{"rendered":"https:\/\/suraa.co\/?post_type=product&#038;p=1003"},"modified":"2025-12-14T21:47:23","modified_gmt":"2025-12-14T21:47:23","slug":"set-ice-black","status":"publish","type":"product","link":"https:\/\/suraa.co\/en\/product\/set-ice-black\/","title":{"rendered":"Set ICE Black"},"content":{"rendered":"","protected":false},"excerpt":{"rendered":"<p>D\u00e9couvrez notre ensemble 3 pi\u00e8ces noir \u00e9l\u00e9gant et \u00e9pur\u00e9 , une fusion parfaite entre modernit\u00e9 et sophistication. Chaque pi\u00e8ce de cet ensemble peut se porter ind\u00e9pendamment l\u2019une de l\u2019autre.<br \/>\nThe flowing fabric of this set adds lightness to every movement.\n\nPerfect for special occasions, this asymmetrical ensemble ensures you look both chic and remarkable.<\/p>\n<p>One size ; suitable from sizes 36 to 42<\/p>\n<p>The model is 1m70 tall<\/p>","protected":false},"featured_media":1006,"comment_status":"open","ping_status":"closed","template":"","meta":{"_acf_changed":false},"product_cat":[19],"product_tag":[],"class_list":{"0":"post-1003","1":"product","2":"type-product","3":"status-publish","4":"has-post-thumbnail","6":"product_cat-ensemble-set","8":"","9":"instock","10":"sale","11":"shipping-taxable","12":"purchasable","13":"product-type-simple"},"acf":{"details":"Longueur cape \u00e0 l\u2019arri\u00e8re environ 64 cm\r\nLongueur tunique au plus long environ 140 cm\r\nLongueur pantalon environ 115 cm\r\nPantalon ajustable avec \u00e9lastique int\u00e9gr\u00e9\r\nDesigned in France","composition":"Cr\u00eape Ecotech","entretien":"Lavage \u00e0 la main, essorage minimum ou pressing. Pas de s\u00e8che linge. Repassage facile et doux sur l\u2019envers."},"yoast_head":"<!-- This site is optimized with the Yoast SEO plugin v23.4 - https:\/\/yoast.com\/wordpress\/plugins\/seo\/ -->\n<title>Set ICE Black - Suraa Modest Fashion<\/title>\n<meta name=\"description\" content=\"D\u00e9couvrez notre ensemble 3 pi\u00e8ces noir \u00e9l\u00e9gant et \u00e9pur\u00e9 , une fusion parfaite entre modernit\u00e9 et sophistication.\" \/>\n<meta name=\"robots\" content=\"index, follow, max-snippet:-1, max-image-preview:large, max-video-preview:-1\" \/>\n<link rel=\"canonical\" href=\"https:\/\/suraa.co\/en\/product\/set-ice-black\/\" \/>\n<meta property=\"og:locale\" content=\"en_GB\" \/>\n<meta property=\"og:type\" content=\"article\" \/>\n<meta property=\"og:title\" content=\"Set ICE Black - Suraa Modest Fashion\" \/>\n<meta property=\"og:description\" content=\"D\u00e9couvrez notre ensemble 3 pi\u00e8ces noir \u00e9l\u00e9gant et \u00e9pur\u00e9 , une fusion parfaite entre modernit\u00e9 et sophistication.\" \/>\n<meta property=\"og:url\" content=\"https:\/\/suraa.co\/en\/product\/set-ice-black\/\" \/>\n<meta property=\"og:site_name\" content=\"Suraa Modest Fashion\" \/>\n<meta property=\"article:modified_time\" content=\"2025-12-14T21:47:23+00:00\" \/>\n<meta name=\"twitter:card\" content=\"summary_large_image\" \/>\n<meta name=\"twitter:label1\" content=\"Estimated reading time\" \/>\n\t<meta name=\"twitter:data1\" content=\"1 minute\" \/>\n<script type=\"application\/ld+json\" class=\"yoast-schema-graph\">{\"@context\":\"https:\/\/schema.org\",\"@graph\":[{\"@type\":\"WebPage\",\"@id\":\"https:\/\/suraa.co\/en\/product\/set-ice-black\/\",\"url\":\"https:\/\/suraa.co\/en\/product\/set-ice-black\/\",\"name\":\"Set ICE Black - Suraa Modest Fashion\",\"isPartOf\":{\"@id\":\"https:\/\/suraa.co\/#website\"},\"primaryImageOfPage\":{\"@id\":\"https:\/\/suraa.co\/en\/product\/set-ice-black\/#primaryimage\"},\"image\":{\"@id\":\"https:\/\/suraa.co\/en\/product\/set-ice-black\/#primaryimage\"},\"thumbnailUrl\":\"https:\/\/i0.wp.com\/suraa.co\/wp-content\/uploads\/2025\/03\/IMG_9326.heic?fit=%2C&ssl=1\",\"datePublished\":\"2025-03-14T12:51:18+00:00\",\"dateModified\":\"2025-12-14T21:47:23+00:00\",\"description\":\"D\u00e9couvrez notre ensemble 3 pi\u00e8ces noir \u00e9l\u00e9gant et \u00e9pur\u00e9 , une fusion parfaite entre modernit\u00e9 et sophistication.\",\"breadcrumb\":{\"@id\":\"https:\/\/suraa.co\/en\/product\/set-ice-black\/#breadcrumb\"},\"inLanguage\":\"en-GB\",\"potentialAction\":[{\"@type\":\"ReadAction\",\"target\":[\"https:\/\/suraa.co\/en\/product\/set-ice-black\/\"]}]},{\"@type\":\"ImageObject\",\"inLanguage\":\"en-GB\",\"@id\":\"https:\/\/suraa.co\/en\/product\/set-ice-black\/#primaryimage\",\"url\":\"https:\/\/i0.wp.com\/suraa.co\/wp-content\/uploads\/2025\/03\/IMG_9326.heic?fit=%2C&ssl=1\",\"contentUrl\":\"https:\/\/i0.wp.com\/suraa.co\/wp-content\/uploads\/2025\/03\/IMG_9326.heic?fit=%2C&ssl=1\"},{\"@type\":\"BreadcrumbList\",\"@id\":\"https:\/\/suraa.co\/en\/product\/set-ice-black\/#breadcrumb\",\"itemListElement\":[{\"@type\":\"ListItem\",\"position\":1,\"name\":\"Accueil\",\"item\":\"https:\/\/suraa.co\/\"},{\"@type\":\"ListItem\",\"position\":2,\"name\":\"Collection\",\"item\":\"https:\/\/suraa.co\/collection\/\"},{\"@type\":\"ListItem\",\"position\":3,\"name\":\"Set ICE Black\"}]},{\"@type\":\"WebSite\",\"@id\":\"https:\/\/suraa.co\/#website\",\"url\":\"https:\/\/suraa.co\/\",\"name\":\"Suraa Modest Fashion\",\"description\":\"Chez Suraa\",\"publisher\":{\"@id\":\"https:\/\/suraa.co\/#organization\"},\"potentialAction\":[{\"@type\":\"SearchAction\",\"target\":{\"@type\":\"EntryPoint\",\"urlTemplate\":\"https:\/\/suraa.co\/?s={search_term_string}\"},\"query-input\":{\"@type\":\"PropertyValueSpecification\",\"valueRequired\":true,\"valueName\":\"search_term_string\"}}],\"inLanguage\":\"en-GB\"},{\"@type\":\"Organization\",\"@id\":\"https:\/\/suraa.co\/#organization\",\"name\":\"Suraa Modest Fashion\",\"url\":\"https:\/\/suraa.co\/\",\"logo\":{\"@type\":\"ImageObject\",\"inLanguage\":\"en-GB\",\"@id\":\"https:\/\/suraa.co\/#\/schema\/logo\/image\/\",\"url\":\"https:\/\/i0.wp.com\/suraa.co\/wp-content\/uploads\/2024\/02\/logo-noir-carre-transparent.png?fit=2304%2C2304&ssl=1\",\"contentUrl\":\"https:\/\/i0.wp.com\/suraa.co\/wp-content\/uploads\/2024\/02\/logo-noir-carre-transparent.png?fit=2304%2C2304&ssl=1\",\"width\":2304,\"height\":2304,\"caption\":\"Suraa Modest Fashion\"},\"image\":{\"@id\":\"https:\/\/suraa.co\/#\/schema\/logo\/image\/\"}}]}<\/script>\n<!-- \/ Yoast SEO plugin. -->","yoast_head_json":{"title":"Set ICE Black - Suraa Modest Fashion","description":"D\u00e9couvrez notre ensemble 3 pi\u00e8ces noir \u00e9l\u00e9gant et \u00e9pur\u00e9 , une fusion parfaite entre modernit\u00e9 et sophistication.","robots":{"index":"index","follow":"follow","max-snippet":"max-snippet:-1","max-image-preview":"max-image-preview:large","max-video-preview":"max-video-preview:-1"},"canonical":"https:\/\/suraa.co\/en\/product\/set-ice-black\/","og_locale":"en_GB","og_type":"article","og_title":"Set ICE Black - Suraa Modest Fashion","og_description":"D\u00e9couvrez notre ensemble 3 pi\u00e8ces noir \u00e9l\u00e9gant et \u00e9pur\u00e9 , une fusion parfaite entre modernit\u00e9 et sophistication.","og_url":"https:\/\/suraa.co\/en\/product\/set-ice-black\/","og_site_name":"Suraa Modest Fashion","article_modified_time":"2025-12-14T21:47:23+00:00","twitter_card":"summary_large_image","twitter_misc":{"Estimated reading time":"1 minute"},"schema":{"@context":"https:\/\/schema.org","@graph":[{"@type":"WebPage","@id":"https:\/\/suraa.co\/en\/product\/set-ice-black\/","url":"https:\/\/suraa.co\/en\/product\/set-ice-black\/","name":"Set ICE Black - Suraa Modest Fashion","isPartOf":{"@id":"https:\/\/suraa.co\/#website"},"primaryImageOfPage":{"@id":"https:\/\/suraa.co\/en\/product\/set-ice-black\/#primaryimage"},"image":{"@id":"https:\/\/suraa.co\/en\/product\/set-ice-black\/#primaryimage"},"thumbnailUrl":"https:\/\/i0.wp.com\/suraa.co\/wp-content\/uploads\/2025\/03\/IMG_9326.heic?fit=%2C&ssl=1","datePublished":"2025-03-14T12:51:18+00:00","dateModified":"2025-12-14T21:47:23+00:00","description":"D\u00e9couvrez notre ensemble 3 pi\u00e8ces noir \u00e9l\u00e9gant et \u00e9pur\u00e9 , une fusion parfaite entre modernit\u00e9 et sophistication.","breadcrumb":{"@id":"https:\/\/suraa.co\/en\/product\/set-ice-black\/#breadcrumb"},"inLanguage":"en-GB","potentialAction":[{"@type":"ReadAction","target":["https:\/\/suraa.co\/en\/product\/set-ice-black\/"]}]},{"@type":"ImageObject","inLanguage":"en-GB","@id":"https:\/\/suraa.co\/en\/product\/set-ice-black\/#primaryimage","url":"https:\/\/i0.wp.com\/suraa.co\/wp-content\/uploads\/2025\/03\/IMG_9326.heic?fit=%2C&ssl=1","contentUrl":"https:\/\/i0.wp.com\/suraa.co\/wp-content\/uploads\/2025\/03\/IMG_9326.heic?fit=%2C&ssl=1"},{"@type":"BreadcrumbList","@id":"https:\/\/suraa.co\/en\/product\/set-ice-black\/#breadcrumb","itemListElement":[{"@type":"ListItem","position":1,"name":"Accueil","item":"https:\/\/suraa.co\/"},{"@type":"ListItem","position":2,"name":"Collection","item":"https:\/\/suraa.co\/collection\/"},{"@type":"ListItem","position":3,"name":"Set ICE Black"}]},{"@type":"WebSite","@id":"https:\/\/suraa.co\/#website","url":"https:\/\/suraa.co\/","name":"Suraa Modest Fashion","description":"Chez Suraa","publisher":{"@id":"https:\/\/suraa.co\/#organization"},"potentialAction":[{"@type":"SearchAction","target":{"@type":"EntryPoint","urlTemplate":"https:\/\/suraa.co\/?s={search_term_string}"},"query-input":{"@type":"PropertyValueSpecification","valueRequired":true,"valueName":"search_term_string"}}],"inLanguage":"en-GB"},{"@type":"Organization","@id":"https:\/\/suraa.co\/#organization","name":"Suraa Modest Fashion","url":"https:\/\/suraa.co\/","logo":{"@type":"ImageObject","inLanguage":"en-GB","@id":"https:\/\/suraa.co\/#\/schema\/logo\/image\/","url":"https:\/\/i0.wp.com\/suraa.co\/wp-content\/uploads\/2024\/02\/logo-noir-carre-transparent.png?fit=2304%2C2304&ssl=1","contentUrl":"https:\/\/i0.wp.com\/suraa.co\/wp-content\/uploads\/2024\/02\/logo-noir-carre-transparent.png?fit=2304%2C2304&ssl=1","width":2304,"height":2304,"caption":"Suraa Modest Fashion"},"image":{"@id":"https:\/\/suraa.co\/#\/schema\/logo\/image\/"}}]}},"jetpack_sharing_enabled":true,"_links":{"self":[{"href":"https:\/\/suraa.co\/en\/wp-json\/wp\/v2\/product\/1003","targetHints":{"allow":["GET"]}}],"collection":[{"href":"https:\/\/suraa.co\/en\/wp-json\/wp\/v2\/product"}],"about":[{"href":"https:\/\/suraa.co\/en\/wp-json\/wp\/v2\/types\/product"}],"replies":[{"embeddable":true,"href":"https:\/\/suraa.co\/en\/wp-json\/wp\/v2\/comments?post=1003"}],"wp:featuredmedia":[{"embeddable":true,"href":"https:\/\/suraa.co\/en\/wp-json\/wp\/v2\/media\/1006"}],"wp:attachment":[{"href":"https:\/\/suraa.co\/en\/wp-json\/wp\/v2\/media?parent=1003"}],"wp:term":[{"taxonomy":"product_cat","embeddable":true,"href":"https:\/\/suraa.co\/en\/wp-json\/wp\/v2\/product_cat?post=1003"},{"taxonomy":"product_tag","embeddable":true,"href":"https:\/\/suraa.co\/en\/wp-json\/wp\/v2\/product_tag?post=1003"}],"curies":[{"name":"wp","href":"https:\/\/api.w.org\/{rel}","templated":true}]}}